{"id":1004,"date":"2021-07-20T15:05:59","date_gmt":"2021-07-20T13:05:59","guid":{"rendered":"https:\/\/mejans.hotel-webdesign.fr\/?post_type=product&#038;p=1004"},"modified":"2025-09-15T10:34:18","modified_gmt":"2025-09-15T08:34:18","slug":"pink-wine-vat-1118","status":"publish","type":"product","link":"https:\/\/saintpierredemejans.com\/en\/boutique\/vin-rose-cuvee-1118\/","title":{"rendered":"Cuv\u00e9e 1118 (ros\u00e9)"},"content":{"rendered":"<p><strong>Purchase by case of 6 only<\/strong> On this filtered soil, which produces low yields, this very light-coloured ros\u00e9 expresses itself through its freshness, finesse and length on the palate, giving this wine from a wine-growing estate, a former priory, dating back to the 12th century, all its credentials. <strong>Silver medal USA WINE RATING 2021<\/strong><\/p>\n<h3 style=\"margin-top: 20px\">THE VINEYARD<\/h3>\n<ul class=\"ulmejans\">\n<li class=\"limejans\">Surface area: 4 hectares<\/li>\n<li class=\"limejans\">Grape varieties: 40% Cinsault, 20% Syrah, 15% Grenache Noir, 15% Clairette, 10% Grenache Blanc<\/li>\n<li class=\"limejans\">Average age of vines: 20-30 years<\/li>\n<li class=\"limejans\">Cultivation method : integrated cultivation<\/li>\n<li class=\"limejans\">Type of terroir : Clay-limestone<\/li>\n<li class=\"limejans\">Picking the grapes: by hand<\/li>\n<\/ul>\n<h3>VINIFICATION<\/h3>\n<ul class=\"ulmejans\">\n<li class=\"limejans\">Vinification of grape varieties: together in the same vat<\/li>\n<li class=\"limejans\">Total destemming<\/li>\n<li class=\"limejans\">Type of vat: 90 hl stainless steel vat<\/li>\n<li class=\"limejans\">Yeasting: yes<\/li>\n<li class=\"limejans\">Maximum temperature: 18\u00b0 C, controlled by run-off water from a borehole.<\/li>\n<li class=\"limejans\">Ros\u00e9 by bleeding, light maceration<\/li>\n<li class=\"limejans\">Sugar fermentation time: approximately 4 to 5 weeks.<\/li>\n<\/ul>\n<h3>BREEDING<\/h3>\n<ul class=\"ulmejans\">\n<li class=\"limejans\">Aged in concrete vats for 18 months<\/li>\n<\/ul>\n<h3>BOTTLING<\/h3>\n<ul class=\"ulmejans\">\n<li class=\"limejans\">No gluing<\/li>\n<li class=\"limejans\">Plate filtration<\/li>\n<\/ul>","protected":false},"excerpt":{"rendered":"<p>Achat par caisse de 6 uniquement Sur ces terres filtrantes qui d\u00e9livrent de faibles rendements, ce ros\u00e9 \u00e0 la robe tr\u00e8s claire s\u2019exprime par sa fraicheur, sa finesse et une longueur en bouche qui donne toutes ses lettres de noblesse \u00e0 ce vin issue d\u2019un domaine viticole, ancien prieur\u00e9, qui date du 12\u00e8me si\u00e8cle. M\u00e9daille [&hellip;]<\/p>\n","protected":false},"featured_media":3027,"template":"","meta":{"_et_pb_use_builder":"off","_et_pb_old_content":"<strong>Achat par caisse de 6 uniquement<\/strong>\r\n\r\nSur ces terres filtrantes qui d\u00e9livrent de faibles rendements, ce ros\u00e9 \u00e0 la robe tr\u00e8s claire s\u2019exprime par sa fraicheur, sa finesse et une longueur en bouche qui donne toutes ses lettres de noblesse \u00e0 ce vin issue d\u2019un domaine viticole, ancien prieur\u00e9, qui date du 12\u00e8me si\u00e8cle.\r\n\r\n<strong>M\u00e9daille d'argent USA WINE RATING 2021<\/strong>\r\n<h3 style=\"margin-top: 20px\">LA VIGNE<\/h3>\r\n<ul class=\"ulmejans\">\r\n \t<li class=\"limejans\">Superficie : 4 hectares<\/li>\r\n \t<li class=\"limejans\">Les c\u00e9pages : 40% Cinsault, 20% Syrah, 15% Grenache Noir, 15% Clairette, 10% Grenache Blanc<\/li>\r\n \t<li class=\"limejans\">Age moyen des vignes : 20-30 ans<\/li>\r\n \t<li class=\"limejans\">Mode de culture\u00a0: culture raisonn\u00e9e<\/li>\r\n \t<li class=\"limejans\">Type de terroir\u00a0: Argilo-calcaire<\/li>\r\n \t<li class=\"limejans\">Ramassage du raisin\u00a0: \u00e0 la main<\/li>\r\n<\/ul>\r\n<h3>LA VINIFICATION<\/h3>\r\n<ul class=\"ulmejans\">\r\n \t<li class=\"limejans\">Vinification des c\u00e9pages\u00a0: ensemble dans une m\u00eame cuve<\/li>\r\n \t<li class=\"limejans\">Eraflage\u00a0total<\/li>\r\n \t<li class=\"limejans\">Type de cuve\u00a0: Inox de 90 hl<\/li>\r\n \t<li class=\"limejans\">Levurage\u00a0: oui<\/li>\r\n \t<li class=\"limejans\">Temp\u00e9rature maxi\u00a0: 18\u00b0 C, contr\u00f4le de la temp\u00e9rature par eau de ruissellement venue d\u2019un forage.<\/li>\r\n \t<li class=\"limejans\">Ros\u00e9 par saign\u00e9e, l\u00e9g\u00e8re mac\u00e9ration<\/li>\r\n \t<li class=\"limejans\">Dur\u00e9e de fermentation des sucres : environ 4 \u00e0 5 semaines.<\/li>\r\n<\/ul>\r\n<h3>ELEVAGE<\/h3>\r\n<ul class=\"ulmejans\">\r\n \t<li class=\"limejans\">Elevage en cuve b\u00e9ton, 18 mois<\/li>\r\n<\/ul>\r\n<h3>MISE EN BOUTEILLE<\/h3>\r\n<ul class=\"ulmejans\">\r\n \t<li class=\"limejans\">Pas de collage<\/li>\r\n \t<li class=\"limejans\">Filtration sur plaque<\/li>\r\n<\/ul>","_et_gb_content_width":""},"product_brand":[],"product_cat":[22,25],"product_tag":[],"class_list":{"0":"post-1004","1":"product","2":"type-product","3":"status-publish","4":"has-post-thumbnail","6":"product_cat-uncategorized","7":"product_cat-vin-rose","8":"product_shipping_class-bouteilles","10":"first","11":"instock","12":"featured","13":"shipping-taxable","14":"purchasable","15":"product-type-simple"},"yoast_head":"<!-- This site is optimized with the Yoast SEO plugin v27.4 - https:\/\/yoast.com\/product\/yoast-seo-wordpress\/ -->\n<title>Cuv\u00e9e 1118 (ros\u00e9) | Ch\u00e2teau Saint-Pierre de Mejans | Vignoble<\/title>\n<meta name=\"robots\" content=\"index, follow, max-snippet:-1, max-image-preview:large, max-video-preview:-1\" \/>\n<link rel=\"canonical\" href=\"https:\/\/saintpierredemejans.com\/en\/shop\/pink-wine-vat-1118\/\" \/>\n<meta property=\"og:locale\" content=\"en_GB\" \/>\n<meta property=\"og:type\" content=\"article\" \/>\n<meta property=\"og:title\" content=\"Cuv\u00e9e 1118 (ros\u00e9) | Ch\u00e2teau Saint-Pierre de Mejans | Vignoble\" \/>\n<meta property=\"og:description\" content=\"Achat par caisse de 6 uniquement Sur ces terres filtrantes qui d\u00e9livrent de faibles rendements, ce ros\u00e9 \u00e0 la robe tr\u00e8s claire s\u2019exprime par sa fraicheur, sa finesse et une longueur en bouche qui donne toutes ses lettres de noblesse \u00e0 ce vin issue d\u2019un domaine viticole, ancien prieur\u00e9, qui date du 12\u00e8me si\u00e8cle. M\u00e9daille [&hellip;]\" \/>\n<meta property=\"og:url\" content=\"https:\/\/saintpierredemejans.com\/en\/shop\/pink-wine-vat-1118\/\" \/>\n<meta property=\"og:site_name\" content=\"Ch\u00e2teau Saint-Pierre de Mejans | Vignoble\" \/>\n<meta property=\"article:modified_time\" content=\"2025-09-15T08:34:18+00:00\" \/>\n<meta property=\"og:image\" content=\"https:\/\/saintpierredemejans.com\/wp-content\/uploads\/2023\/03\/rose-1118-1.jpg\" \/>\n\t<meta property=\"og:image:width\" content=\"850\" \/>\n\t<meta property=\"og:image:height\" content=\"850\" \/>\n\t<meta property=\"og:image:type\" content=\"image\/jpeg\" \/>\n<meta name=\"twitter:card\" content=\"summary_large_image\" \/>\n<meta name=\"twitter:label1\" content=\"Estimated reading time\" \/>\n\t<meta name=\"twitter:data1\" content=\"2 minutes\" \/>\n<script type=\"application\/ld+json\" class=\"yoast-schema-graph\">{\"@context\":\"https:\\\/\\\/schema.org\",\"@graph\":[{\"@type\":\"WebPage\",\"@id\":\"https:\\\/\\\/saintpierredemejans.com\\\/boutique\\\/vin-rose-cuvee-1118\\\/\",\"url\":\"https:\\\/\\\/saintpierredemejans.com\\\/boutique\\\/vin-rose-cuvee-1118\\\/\",\"name\":\"Cuv\u00e9e 1118 (ros\u00e9) | Ch\u00e2teau Saint-Pierre de Mejans | Vignoble\",\"isPartOf\":{\"@id\":\"https:\\\/\\\/saintpierredemejans.com\\\/#website\"},\"primaryImageOfPage\":{\"@id\":\"https:\\\/\\\/saintpierredemejans.com\\\/boutique\\\/vin-rose-cuvee-1118\\\/#primaryimage\"},\"image\":{\"@id\":\"https:\\\/\\\/saintpierredemejans.com\\\/boutique\\\/vin-rose-cuvee-1118\\\/#primaryimage\"},\"thumbnailUrl\":\"https:\\\/\\\/saintpierredemejans.com\\\/wp-content\\\/uploads\\\/2023\\\/03\\\/rose-1118-1.jpg\",\"datePublished\":\"2021-07-20T13:05:59+00:00\",\"dateModified\":\"2025-09-15T08:34:18+00:00\",\"breadcrumb\":{\"@id\":\"https:\\\/\\\/saintpierredemejans.com\\\/boutique\\\/vin-rose-cuvee-1118\\\/#breadcrumb\"},\"inLanguage\":\"en-GB\",\"potentialAction\":[{\"@type\":\"ReadAction\",\"target\":[\"https:\\\/\\\/saintpierredemejans.com\\\/boutique\\\/vin-rose-cuvee-1118\\\/\"]}]},{\"@type\":\"ImageObject\",\"inLanguage\":\"en-GB\",\"@id\":\"https:\\\/\\\/saintpierredemejans.com\\\/boutique\\\/vin-rose-cuvee-1118\\\/#primaryimage\",\"url\":\"https:\\\/\\\/saintpierredemejans.com\\\/wp-content\\\/uploads\\\/2023\\\/03\\\/rose-1118-1.jpg\",\"contentUrl\":\"https:\\\/\\\/saintpierredemejans.com\\\/wp-content\\\/uploads\\\/2023\\\/03\\\/rose-1118-1.jpg\",\"width\":850,\"height\":850},{\"@type\":\"BreadcrumbList\",\"@id\":\"https:\\\/\\\/saintpierredemejans.com\\\/boutique\\\/vin-rose-cuvee-1118\\\/#breadcrumb\",\"itemListElement\":[{\"@type\":\"ListItem\",\"position\":1,\"name\":\"Home\",\"item\":\"https:\\\/\\\/saintpierredemejans.com\\\/\"},{\"@type\":\"ListItem\",\"position\":2,\"name\":\"Boutique\",\"item\":\"https:\\\/\\\/saintpierredemejans.com\\\/boutique\\\/\"},{\"@type\":\"ListItem\",\"position\":3,\"name\":\"Cuv\u00e9e 1118 (ros\u00e9)\"}]},{\"@type\":\"WebSite\",\"@id\":\"https:\\\/\\\/saintpierredemejans.com\\\/#website\",\"url\":\"https:\\\/\\\/saintpierredemejans.com\\\/\",\"name\":\"Ch\u00e2teau Saint-Pierre de Mejans | Vignoble\",\"description\":\"ch\u00e2teau vignoble\",\"publisher\":{\"@id\":\"https:\\\/\\\/saintpierredemejans.com\\\/#organization\"},\"potentialAction\":[{\"@type\":\"SearchAction\",\"target\":{\"@type\":\"EntryPoint\",\"urlTemplate\":\"https:\\\/\\\/saintpierredemejans.com\\\/?s={search_term_string}\"},\"query-input\":{\"@type\":\"PropertyValueSpecification\",\"valueRequired\":true,\"valueName\":\"search_term_string\"}}],\"inLanguage\":\"en-GB\"},{\"@type\":\"Organization\",\"@id\":\"https:\\\/\\\/saintpierredemejans.com\\\/#organization\",\"name\":\"Ch\u00e2teau Saint-Pierre de Mejans | Vignoble dans le Lub\u00e9ron\",\"url\":\"https:\\\/\\\/saintpierredemejans.com\\\/\",\"logo\":{\"@type\":\"ImageObject\",\"inLanguage\":\"en-GB\",\"@id\":\"https:\\\/\\\/saintpierredemejans.com\\\/#\\\/schema\\\/logo\\\/image\\\/\",\"url\":\"https:\\\/\\\/saintpierredemejans.com\\\/wp-content\\\/uploads\\\/2021\\\/08\\\/favicon-1.png\",\"contentUrl\":\"https:\\\/\\\/saintpierredemejans.com\\\/wp-content\\\/uploads\\\/2021\\\/08\\\/favicon-1.png\",\"width\":822,\"height\":822,\"caption\":\"Ch\u00e2teau Saint-Pierre de Mejans | Vignoble dans le Lub\u00e9ron\"},\"image\":{\"@id\":\"https:\\\/\\\/saintpierredemejans.com\\\/#\\\/schema\\\/logo\\\/image\\\/\"}}]}<\/script>\n<!-- \/ Yoast SEO plugin. -->","yoast_head_json":{"title":"Cuv\u00e9e 1118 (ros\u00e9) | Ch\u00e2teau Saint-Pierre de Mejans | Vineyard","robots":{"index":"index","follow":"follow","max-snippet":"max-snippet:-1","max-image-preview":"max-image-preview:large","max-video-preview":"max-video-preview:-1"},"canonical":"https:\/\/saintpierredemejans.com\/en\/shop\/pink-wine-vat-1118\/","og_locale":"en_GB","og_type":"article","og_title":"Cuv\u00e9e 1118 (ros\u00e9) | Ch\u00e2teau Saint-Pierre de Mejans | Vignoble","og_description":"Achat par caisse de 6 uniquement Sur ces terres filtrantes qui d\u00e9livrent de faibles rendements, ce ros\u00e9 \u00e0 la robe tr\u00e8s claire s\u2019exprime par sa fraicheur, sa finesse et une longueur en bouche qui donne toutes ses lettres de noblesse \u00e0 ce vin issue d\u2019un domaine viticole, ancien prieur\u00e9, qui date du 12\u00e8me si\u00e8cle. M\u00e9daille [&hellip;]","og_url":"https:\/\/saintpierredemejans.com\/en\/shop\/pink-wine-vat-1118\/","og_site_name":"Ch\u00e2teau Saint-Pierre de Mejans | Vignoble","article_modified_time":"2025-09-15T08:34:18+00:00","og_image":[{"width":850,"height":850,"url":"https:\/\/saintpierredemejans.com\/wp-content\/uploads\/2023\/03\/rose-1118-1.jpg","type":"image\/jpeg"}],"twitter_card":"summary_large_image","twitter_misc":{"Estimated reading time":"2 minutes"},"schema":{"@context":"https:\/\/schema.org","@graph":[{"@type":"WebPage","@id":"https:\/\/saintpierredemejans.com\/boutique\/vin-rose-cuvee-1118\/","url":"https:\/\/saintpierredemejans.com\/boutique\/vin-rose-cuvee-1118\/","name":"Cuv\u00e9e 1118 (ros\u00e9) | Ch\u00e2teau Saint-Pierre de Mejans | Vineyard","isPartOf":{"@id":"https:\/\/saintpierredemejans.com\/#website"},"primaryImageOfPage":{"@id":"https:\/\/saintpierredemejans.com\/boutique\/vin-rose-cuvee-1118\/#primaryimage"},"image":{"@id":"https:\/\/saintpierredemejans.com\/boutique\/vin-rose-cuvee-1118\/#primaryimage"},"thumbnailUrl":"https:\/\/saintpierredemejans.com\/wp-content\/uploads\/2023\/03\/rose-1118-1.jpg","datePublished":"2021-07-20T13:05:59+00:00","dateModified":"2025-09-15T08:34:18+00:00","breadcrumb":{"@id":"https:\/\/saintpierredemejans.com\/boutique\/vin-rose-cuvee-1118\/#breadcrumb"},"inLanguage":"en-GB","potentialAction":[{"@type":"ReadAction","target":["https:\/\/saintpierredemejans.com\/boutique\/vin-rose-cuvee-1118\/"]}]},{"@type":"ImageObject","inLanguage":"en-GB","@id":"https:\/\/saintpierredemejans.com\/boutique\/vin-rose-cuvee-1118\/#primaryimage","url":"https:\/\/saintpierredemejans.com\/wp-content\/uploads\/2023\/03\/rose-1118-1.jpg","contentUrl":"https:\/\/saintpierredemejans.com\/wp-content\/uploads\/2023\/03\/rose-1118-1.jpg","width":850,"height":850},{"@type":"BreadcrumbList","@id":"https:\/\/saintpierredemejans.com\/boutique\/vin-rose-cuvee-1118\/#breadcrumb","itemListElement":[{"@type":"ListItem","position":1,"name":"Home","item":"https:\/\/saintpierredemejans.com\/"},{"@type":"ListItem","position":2,"name":"Boutique","item":"https:\/\/saintpierredemejans.com\/boutique\/"},{"@type":"ListItem","position":3,"name":"Cuv\u00e9e 1118 (ros\u00e9)"}]},{"@type":"WebSite","@id":"https:\/\/saintpierredemejans.com\/#website","url":"https:\/\/saintpierredemejans.com\/","name":"Ch\u00e2teau Saint-Pierre de Mejans | Vineyard","description":"chateau vineyard","publisher":{"@id":"https:\/\/saintpierredemejans.com\/#organization"},"potentialAction":[{"@type":"SearchAction","target":{"@type":"EntryPoint","urlTemplate":"https:\/\/saintpierredemejans.com\/?s={search_term_string}"},"query-input":{"@type":"PropertyValueSpecification","valueRequired":true,"valueName":"search_term_string"}}],"inLanguage":"en-GB"},{"@type":"Organization","@id":"https:\/\/saintpierredemejans.com\/#organization","name":"Ch\u00e2teau Saint-Pierre de Mejans | Vineyard in the Lub\u00e9ron","url":"https:\/\/saintpierredemejans.com\/","logo":{"@type":"ImageObject","inLanguage":"en-GB","@id":"https:\/\/saintpierredemejans.com\/#\/schema\/logo\/image\/","url":"https:\/\/saintpierredemejans.com\/wp-content\/uploads\/2021\/08\/favicon-1.png","contentUrl":"https:\/\/saintpierredemejans.com\/wp-content\/uploads\/2021\/08\/favicon-1.png","width":822,"height":822,"caption":"Ch\u00e2teau Saint-Pierre de Mejans | Vignoble dans le Lub\u00e9ron"},"image":{"@id":"https:\/\/saintpierredemejans.com\/#\/schema\/logo\/image\/"}}]}},"_links":{"self":[{"href":"https:\/\/saintpierredemejans.com\/en\/wp-json\/wp\/v2\/product\/1004","targetHints":{"allow":["GET"]}}],"collection":[{"href":"https:\/\/saintpierredemejans.com\/en\/wp-json\/wp\/v2\/product"}],"about":[{"href":"https:\/\/saintpierredemejans.com\/en\/wp-json\/wp\/v2\/types\/product"}],"wp:featuredmedia":[{"embeddable":true,"href":"https:\/\/saintpierredemejans.com\/en\/wp-json\/wp\/v2\/media\/3027"}],"wp:attachment":[{"href":"https:\/\/saintpierredemejans.com\/en\/wp-json\/wp\/v2\/media?parent=1004"}],"wp:term":[{"taxonomy":"product_brand","embeddable":true,"href":"https:\/\/saintpierredemejans.com\/en\/wp-json\/wp\/v2\/product_brand?post=1004"},{"taxonomy":"product_cat","embeddable":true,"href":"https:\/\/saintpierredemejans.com\/en\/wp-json\/wp\/v2\/product_cat?post=1004"},{"taxonomy":"product_tag","embeddable":true,"href":"https:\/\/saintpierredemejans.com\/en\/wp-json\/wp\/v2\/product_tag?post=1004"}],"curies":[{"name":"wp","href":"https:\/\/api.w.org\/{rel}","templated":true}]}}