{"id":1383,"date":"2021-08-03T13:35:51","date_gmt":"2021-08-03T11:35:51","guid":{"rendered":"https:\/\/mejans.hotel-webdesign.fr\/?post_type=product&#038;p=1383"},"modified":"2024-04-08T09:07:05","modified_gmt":"2024-04-08T07:07:05","slug":"white-wine-cuvee-chapelle","status":"publish","type":"product","link":"https:\/\/saintpierredemejans.com\/en\/boutique\/vin-blanc-cuvee-chapelle\/","title":{"rendered":"Cuv\u00e9e Chapelle (white)"},"content":{"rendered":"<p><strong>Purchase by case of 6 only<\/strong>\u00a0 A blend of Rolle, Grenache blanc and Viognier matured in oak barrels gives this white wine a rich, full-bodied and complex flavour. Notes of vanilla, white flowers and pear give it a noble finish that goes perfectly with fish dishes, cheese platters and pasta with truffles. A small production each year makes this a wine of choice.<\/p>\n<pre id=\"tw-target-text\" class=\"tw-data-text tw-text-large tw-ta\" dir=\"ltr\" data-placeholder=\"Traduction\" data-ved=\"2ahUKEwjmpuOM4KiEAxUEVqQEHQ0cAzUQ3ewLegQIDRAT\"><span class=\"Y2IQFc\" lang=\"fr\">\u00a0<\/span><\/pre>\n<h3 style=\"margin-top: 20px;\">THE VINEYARD<\/h3>\n<ul class=\"ulmejans\">\n<li class=\"limejans\">Surface area: 2.5 hectares<\/li>\n<li class=\"limejans\">Grape varieties: 60% Vermentino, 20% Grenache Blanc, 20% Viognier<\/li>\n<li class=\"limejans\">Average age of vines: 20-30 years<\/li>\n<li class=\"limejans\">Cultivation method : integrated cultivation<\/li>\n<li class=\"limejans\">Type of terroir : Clay-limestone<\/li>\n<li class=\"limejans\">Picking the grapes: by hand<\/li>\n<\/ul>\n<h3>VINIFICATION<\/h3>\n<ul class=\"ulmejans\">\n<li class=\"limejans\">Vinification of the grape varieties: together in the same vat (stainless steel)<\/li>\n<li class=\"limejans\">Total destemming<\/li>\n<li class=\"limejans\">Type of vat: 90 hl stainless steel vat<\/li>\n<li class=\"limejans\">Yeasting: yes<\/li>\n<li class=\"limejans\">Maximum temperature: 18\u00b0 C, controlled by run-off water from a borehole.<\/li>\n<li class=\"limejans\">Maceration white 100%<\/li>\n<li class=\"limejans\">Sugar fermentation time: approximately 3 weeks.<\/li>\n<\/ul>\n<h3>BREEDING<\/h3>\n<ul class=\"ulmejans\">\n<li>Aged for 10 months in new oak barrels (Burgundy origin)<\/li>\n<\/ul>\n<h3>BOTTLING<\/h3>\n<ul class=\"ulmejans\">\n<li class=\"limejans\">No gluing<\/li>\n<li class=\"limejans\">Membrane filtration<\/li>\n<\/ul>","protected":false},"excerpt":{"rendered":"<p>Achat par caisse de 6 uniquement\u00a0 Un assemblage de Rolle, Grenache blanc et Viognier \u00e9lev\u00e9 en f\u00fbt de ch\u00eane conf\u00e8re \u00e0 ce vin blanc une richesse ample, gourmande et complexe. Des notes de vanille, de fleurs blanches et de poire lui conf\u00e8rent une finale noble qui s&rsquo;accorde parfaitement avec les plats de poisson, les assiettes [&hellip;]<\/p>\n","protected":false},"featured_media":2718,"template":"","meta":{"_et_pb_use_builder":"off","_et_pb_old_content":"<strong>Achat par caisse de 6 uniquement<\/strong>\r\n\r\nSur ces terres filtrantes qui d\u00e9livrent de faibles rendements, ce vin blanc aux ar\u00f4mes \u00a0fruit\u00e9s et gourmand s\u2019exprime par sa rondeur, sa complexit\u00e9 et longueur en bouche donnant toutes ses lettres de noblesse \u00e0 ce vin issue d\u2019un domaine viticole, ancien prieur\u00e9, qui date du 12<sup>\u00e8me<\/sup>\u00a0si\u00e8cle.\r\n<h3 style=\"margin-top: 20px\">LA VIGNE<\/h3>\r\n<ul class=\"ulmejans\">\r\n \t<li class=\"limejans\">Superficie : 2,5 hectares<\/li>\r\n \t<li class=\"limejans\">Les c\u00e9pages : 60% Vermentino, 20% Grenache Blanc, 20% Viognier<\/li>\r\n \t<li class=\"limejans\">Age moyen des vignes : 20-30 ans<\/li>\r\n \t<li class=\"limejans\">Mode de culture\u00a0: culture raisonn\u00e9e<\/li>\r\n \t<li class=\"limejans\">Type de terroir\u00a0: Argilo-calcaire<\/li>\r\n \t<li class=\"limejans\">Ramassage du raisin\u00a0: \u00e0 la main<\/li>\r\n<\/ul>\r\n<h3>LA VINIFICATION<\/h3>\r\n<ul class=\"ulmejans\">\r\n \t<li class=\"limejans\">Vinification des c\u00e9pages\u00a0: ensemble dans une m\u00eame cuve (inox)<\/li>\r\n \t<li class=\"limejans\">Eraflage\u00a0total<\/li>\r\n \t<li class=\"limejans\">Type de cuve\u00a0: Inox de 90 hl<\/li>\r\n \t<li class=\"limejans\">Levurage\u00a0: oui<\/li>\r\n \t<li class=\"limejans\">Temp\u00e9rature maxi\u00a0: 18\u00b0 C, contr\u00f4le de la temp\u00e9rature par eau de ruissellement venue d\u2019un forage.<\/li>\r\n \t<li class=\"limejans\">Blanc de mac\u00e9ration 100%<\/li>\r\n \t<li class=\"limejans\">Dur\u00e9e de fermentation des sucres : environ 3 semaines.<\/li>\r\n<\/ul>\r\n<h3>ELEVAGE<\/h3>\r\n<ul class=\"ulmejans\">\r\n \t<li>Elevage de 10 mois en fut de ch\u00eane neuf (origine Bourgogne)<\/li>\r\n<\/ul>\r\n<h3>MISE EN BOUTEILLE<\/h3>\r\n<ul class=\"ulmejans\">\r\n \t<li class=\"limejans\">Pas de collage<\/li>\r\n \t<li class=\"limejans\">Filtration sur membrane<\/li>\r\n<\/ul>","_et_gb_content_width":""},"product_brand":[],"product_cat":[22,24],"product_tag":[],"class_list":{"0":"post-1383","1":"product","2":"type-product","3":"status-publish","4":"has-post-thumbnail","6":"product_cat-uncategorized","7":"product_cat-vin-blanc","8":"product_shipping_class-bouteilles","10":"first","11":"instock","12":"shipping-taxable","13":"purchasable","14":"product-type-simple"},"yoast_head":"<!-- This site is optimized with the Yoast SEO plugin v27.4 - https:\/\/yoast.com\/product\/yoast-seo-wordpress\/ -->\n<title>Cuv\u00e9e Chapelle (blanc) | Ch\u00e2teau Saint-Pierre de Mejans | Vignoble<\/title>\n<meta name=\"robots\" content=\"index, follow, max-snippet:-1, max-image-preview:large, max-video-preview:-1\" \/>\n<link rel=\"canonical\" href=\"https:\/\/saintpierredemejans.com\/en\/shop\/white-wine-cuvee-chapelle\/\" \/>\n<meta property=\"og:locale\" content=\"en_GB\" \/>\n<meta property=\"og:type\" content=\"article\" \/>\n<meta property=\"og:title\" content=\"Cuv\u00e9e Chapelle (blanc) | Ch\u00e2teau Saint-Pierre de Mejans | Vignoble\" \/>\n<meta property=\"og:description\" content=\"Achat par caisse de 6 uniquement\u00a0 Un assemblage de Rolle, Grenache blanc et Viognier \u00e9lev\u00e9 en f\u00fbt de ch\u00eane conf\u00e8re \u00e0 ce vin blanc une richesse ample, gourmande et complexe. Des notes de vanille, de fleurs blanches et de poire lui conf\u00e8rent une finale noble qui s&rsquo;accorde parfaitement avec les plats de poisson, les assiettes [&hellip;]\" \/>\n<meta property=\"og:url\" content=\"https:\/\/saintpierredemejans.com\/en\/shop\/white-wine-cuvee-chapelle\/\" \/>\n<meta property=\"og:site_name\" content=\"Ch\u00e2teau Saint-Pierre de Mejans | Vignoble\" \/>\n<meta property=\"article:modified_time\" content=\"2024-04-08T07:07:05+00:00\" \/>\n<meta property=\"og:image\" content=\"https:\/\/saintpierredemejans.com\/wp-content\/uploads\/2021\/08\/blanc-chapelleimageoptim.jpg\" \/>\n\t<meta property=\"og:image:width\" content=\"850\" \/>\n\t<meta property=\"og:image:height\" content=\"850\" \/>\n\t<meta property=\"og:image:type\" content=\"image\/jpeg\" \/>\n<meta name=\"twitter:card\" content=\"summary_large_image\" \/>\n<meta name=\"twitter:label1\" content=\"Estimated reading time\" \/>\n\t<meta name=\"twitter:data1\" content=\"2 minutes\" \/>\n<script type=\"application\/ld+json\" class=\"yoast-schema-graph\">{\"@context\":\"https:\\\/\\\/schema.org\",\"@graph\":[{\"@type\":\"WebPage\",\"@id\":\"https:\\\/\\\/saintpierredemejans.com\\\/boutique\\\/vin-blanc-cuvee-chapelle\\\/\",\"url\":\"https:\\\/\\\/saintpierredemejans.com\\\/boutique\\\/vin-blanc-cuvee-chapelle\\\/\",\"name\":\"Cuv\u00e9e Chapelle (blanc) | Ch\u00e2teau Saint-Pierre de Mejans | Vignoble\",\"isPartOf\":{\"@id\":\"https:\\\/\\\/saintpierredemejans.com\\\/#website\"},\"primaryImageOfPage\":{\"@id\":\"https:\\\/\\\/saintpierredemejans.com\\\/boutique\\\/vin-blanc-cuvee-chapelle\\\/#primaryimage\"},\"image\":{\"@id\":\"https:\\\/\\\/saintpierredemejans.com\\\/boutique\\\/vin-blanc-cuvee-chapelle\\\/#primaryimage\"},\"thumbnailUrl\":\"https:\\\/\\\/saintpierredemejans.com\\\/wp-content\\\/uploads\\\/2021\\\/08\\\/blanc-chapelleimageoptim.jpg\",\"datePublished\":\"2021-08-03T11:35:51+00:00\",\"dateModified\":\"2024-04-08T07:07:05+00:00\",\"breadcrumb\":{\"@id\":\"https:\\\/\\\/saintpierredemejans.com\\\/boutique\\\/vin-blanc-cuvee-chapelle\\\/#breadcrumb\"},\"inLanguage\":\"en-GB\",\"potentialAction\":[{\"@type\":\"ReadAction\",\"target\":[\"https:\\\/\\\/saintpierredemejans.com\\\/boutique\\\/vin-blanc-cuvee-chapelle\\\/\"]}]},{\"@type\":\"ImageObject\",\"inLanguage\":\"en-GB\",\"@id\":\"https:\\\/\\\/saintpierredemejans.com\\\/boutique\\\/vin-blanc-cuvee-chapelle\\\/#primaryimage\",\"url\":\"https:\\\/\\\/saintpierredemejans.com\\\/wp-content\\\/uploads\\\/2021\\\/08\\\/blanc-chapelleimageoptim.jpg\",\"contentUrl\":\"https:\\\/\\\/saintpierredemejans.com\\\/wp-content\\\/uploads\\\/2021\\\/08\\\/blanc-chapelleimageoptim.jpg\",\"width\":850,\"height\":850},{\"@type\":\"BreadcrumbList\",\"@id\":\"https:\\\/\\\/saintpierredemejans.com\\\/boutique\\\/vin-blanc-cuvee-chapelle\\\/#breadcrumb\",\"itemListElement\":[{\"@type\":\"ListItem\",\"position\":1,\"name\":\"Home\",\"item\":\"https:\\\/\\\/saintpierredemejans.com\\\/\"},{\"@type\":\"ListItem\",\"position\":2,\"name\":\"Boutique\",\"item\":\"https:\\\/\\\/saintpierredemejans.com\\\/boutique\\\/\"},{\"@type\":\"ListItem\",\"position\":3,\"name\":\"Cuv\u00e9e Chapelle (blanc)\"}]},{\"@type\":\"WebSite\",\"@id\":\"https:\\\/\\\/saintpierredemejans.com\\\/#website\",\"url\":\"https:\\\/\\\/saintpierredemejans.com\\\/\",\"name\":\"Ch\u00e2teau Saint-Pierre de Mejans | Vignoble\",\"description\":\"ch\u00e2teau vignoble\",\"publisher\":{\"@id\":\"https:\\\/\\\/saintpierredemejans.com\\\/#organization\"},\"potentialAction\":[{\"@type\":\"SearchAction\",\"target\":{\"@type\":\"EntryPoint\",\"urlTemplate\":\"https:\\\/\\\/saintpierredemejans.com\\\/?s={search_term_string}\"},\"query-input\":{\"@type\":\"PropertyValueSpecification\",\"valueRequired\":true,\"valueName\":\"search_term_string\"}}],\"inLanguage\":\"en-GB\"},{\"@type\":\"Organization\",\"@id\":\"https:\\\/\\\/saintpierredemejans.com\\\/#organization\",\"name\":\"Ch\u00e2teau Saint-Pierre de Mejans | Vignoble dans le Lub\u00e9ron\",\"url\":\"https:\\\/\\\/saintpierredemejans.com\\\/\",\"logo\":{\"@type\":\"ImageObject\",\"inLanguage\":\"en-GB\",\"@id\":\"https:\\\/\\\/saintpierredemejans.com\\\/#\\\/schema\\\/logo\\\/image\\\/\",\"url\":\"https:\\\/\\\/saintpierredemejans.com\\\/wp-content\\\/uploads\\\/2021\\\/08\\\/favicon-1.png\",\"contentUrl\":\"https:\\\/\\\/saintpierredemejans.com\\\/wp-content\\\/uploads\\\/2021\\\/08\\\/favicon-1.png\",\"width\":822,\"height\":822,\"caption\":\"Ch\u00e2teau Saint-Pierre de Mejans | Vignoble dans le Lub\u00e9ron\"},\"image\":{\"@id\":\"https:\\\/\\\/saintpierredemejans.com\\\/#\\\/schema\\\/logo\\\/image\\\/\"}}]}<\/script>\n<!-- \/ Yoast SEO plugin. -->","yoast_head_json":{"title":"Cuv\u00e9e Chapelle (white) | Ch\u00e2teau Saint-Pierre de Mejans | Vineyard","robots":{"index":"index","follow":"follow","max-snippet":"max-snippet:-1","max-image-preview":"max-image-preview:large","max-video-preview":"max-video-preview:-1"},"canonical":"https:\/\/saintpierredemejans.com\/en\/shop\/white-wine-cuvee-chapelle\/","og_locale":"en_GB","og_type":"article","og_title":"Cuv\u00e9e Chapelle (blanc) | Ch\u00e2teau Saint-Pierre de Mejans | Vignoble","og_description":"Achat par caisse de 6 uniquement\u00a0 Un assemblage de Rolle, Grenache blanc et Viognier \u00e9lev\u00e9 en f\u00fbt de ch\u00eane conf\u00e8re \u00e0 ce vin blanc une richesse ample, gourmande et complexe. Des notes de vanille, de fleurs blanches et de poire lui conf\u00e8rent une finale noble qui s&rsquo;accorde parfaitement avec les plats de poisson, les assiettes [&hellip;]","og_url":"https:\/\/saintpierredemejans.com\/en\/shop\/white-wine-cuvee-chapelle\/","og_site_name":"Ch\u00e2teau Saint-Pierre de Mejans | Vignoble","article_modified_time":"2024-04-08T07:07:05+00:00","og_image":[{"width":850,"height":850,"url":"https:\/\/saintpierredemejans.com\/wp-content\/uploads\/2021\/08\/blanc-chapelleimageoptim.jpg","type":"image\/jpeg"}],"twitter_card":"summary_large_image","twitter_misc":{"Estimated reading time":"2 minutes"},"schema":{"@context":"https:\/\/schema.org","@graph":[{"@type":"WebPage","@id":"https:\/\/saintpierredemejans.com\/boutique\/vin-blanc-cuvee-chapelle\/","url":"https:\/\/saintpierredemejans.com\/boutique\/vin-blanc-cuvee-chapelle\/","name":"Cuv\u00e9e Chapelle (white) | Ch\u00e2teau Saint-Pierre de Mejans | Vineyard","isPartOf":{"@id":"https:\/\/saintpierredemejans.com\/#website"},"primaryImageOfPage":{"@id":"https:\/\/saintpierredemejans.com\/boutique\/vin-blanc-cuvee-chapelle\/#primaryimage"},"image":{"@id":"https:\/\/saintpierredemejans.com\/boutique\/vin-blanc-cuvee-chapelle\/#primaryimage"},"thumbnailUrl":"https:\/\/saintpierredemejans.com\/wp-content\/uploads\/2021\/08\/blanc-chapelleimageoptim.jpg","datePublished":"2021-08-03T11:35:51+00:00","dateModified":"2024-04-08T07:07:05+00:00","breadcrumb":{"@id":"https:\/\/saintpierredemejans.com\/boutique\/vin-blanc-cuvee-chapelle\/#breadcrumb"},"inLanguage":"en-GB","potentialAction":[{"@type":"ReadAction","target":["https:\/\/saintpierredemejans.com\/boutique\/vin-blanc-cuvee-chapelle\/"]}]},{"@type":"ImageObject","inLanguage":"en-GB","@id":"https:\/\/saintpierredemejans.com\/boutique\/vin-blanc-cuvee-chapelle\/#primaryimage","url":"https:\/\/saintpierredemejans.com\/wp-content\/uploads\/2021\/08\/blanc-chapelleimageoptim.jpg","contentUrl":"https:\/\/saintpierredemejans.com\/wp-content\/uploads\/2021\/08\/blanc-chapelleimageoptim.jpg","width":850,"height":850},{"@type":"BreadcrumbList","@id":"https:\/\/saintpierredemejans.com\/boutique\/vin-blanc-cuvee-chapelle\/#breadcrumb","itemListElement":[{"@type":"ListItem","position":1,"name":"Home","item":"https:\/\/saintpierredemejans.com\/"},{"@type":"ListItem","position":2,"name":"Boutique","item":"https:\/\/saintpierredemejans.com\/boutique\/"},{"@type":"ListItem","position":3,"name":"Cuv\u00e9e Chapelle (blanc)"}]},{"@type":"WebSite","@id":"https:\/\/saintpierredemejans.com\/#website","url":"https:\/\/saintpierredemejans.com\/","name":"Ch\u00e2teau Saint-Pierre de Mejans | Vineyard","description":"chateau vineyard","publisher":{"@id":"https:\/\/saintpierredemejans.com\/#organization"},"potentialAction":[{"@type":"SearchAction","target":{"@type":"EntryPoint","urlTemplate":"https:\/\/saintpierredemejans.com\/?s={search_term_string}"},"query-input":{"@type":"PropertyValueSpecification","valueRequired":true,"valueName":"search_term_string"}}],"inLanguage":"en-GB"},{"@type":"Organization","@id":"https:\/\/saintpierredemejans.com\/#organization","name":"Ch\u00e2teau Saint-Pierre de Mejans | Vineyard in the Lub\u00e9ron","url":"https:\/\/saintpierredemejans.com\/","logo":{"@type":"ImageObject","inLanguage":"en-GB","@id":"https:\/\/saintpierredemejans.com\/#\/schema\/logo\/image\/","url":"https:\/\/saintpierredemejans.com\/wp-content\/uploads\/2021\/08\/favicon-1.png","contentUrl":"https:\/\/saintpierredemejans.com\/wp-content\/uploads\/2021\/08\/favicon-1.png","width":822,"height":822,"caption":"Ch\u00e2teau Saint-Pierre de Mejans | Vignoble dans le Lub\u00e9ron"},"image":{"@id":"https:\/\/saintpierredemejans.com\/#\/schema\/logo\/image\/"}}]}},"_links":{"self":[{"href":"https:\/\/saintpierredemejans.com\/en\/wp-json\/wp\/v2\/product\/1383","targetHints":{"allow":["GET"]}}],"collection":[{"href":"https:\/\/saintpierredemejans.com\/en\/wp-json\/wp\/v2\/product"}],"about":[{"href":"https:\/\/saintpierredemejans.com\/en\/wp-json\/wp\/v2\/types\/product"}],"wp:featuredmedia":[{"embeddable":true,"href":"https:\/\/saintpierredemejans.com\/en\/wp-json\/wp\/v2\/media\/2718"}],"wp:attachment":[{"href":"https:\/\/saintpierredemejans.com\/en\/wp-json\/wp\/v2\/media?parent=1383"}],"wp:term":[{"taxonomy":"product_brand","embeddable":true,"href":"https:\/\/saintpierredemejans.com\/en\/wp-json\/wp\/v2\/product_brand?post=1383"},{"taxonomy":"product_cat","embeddable":true,"href":"https:\/\/saintpierredemejans.com\/en\/wp-json\/wp\/v2\/product_cat?post=1383"},{"taxonomy":"product_tag","embeddable":true,"href":"https:\/\/saintpierredemejans.com\/en\/wp-json\/wp\/v2\/product_tag?post=1383"}],"curies":[{"name":"wp","href":"https:\/\/api.w.org\/{rel}","templated":true}]}}