{"id":2729,"date":"2022-12-28T10:03:22","date_gmt":"2022-12-28T09:03:22","guid":{"rendered":"https:\/\/saintpierredemejans.com\/boutique\/carte-cadeau\/"},"modified":"2025-03-24T15:07:43","modified_gmt":"2025-03-24T14:07:43","slug":"gift-voucher","status":"publish","type":"product","link":"https:\/\/saintpierredemejans.com\/en\/boutique\/bon-cadeau\/","title":{"rendered":"Gift voucher"},"content":{"rendered":"","protected":false},"excerpt":{"rendered":"<p>When you offer a stay at the ch\u00e2teau, a guided tour of the estate or an introductory workshop, you are choosing a moment of relaxation at Ch\u00e2teau Saint Pierre de Mejans.<\/p>\n<p>Allow one of your loved ones to enjoy a moment out of time, in a charmingly renovated 12th-century priory.<\/p>\n<p>Our teams can be contacted by telephone on 04 90 08 70 10 or by e-mail to help you create a unique gift.<\/p>\n<p><a href=\"https:\/\/saintpierredemejans.com\/en\/contact\/\">Contact us for more information\u00a0<\/a><\/p>","protected":false},"featured_media":2757,"template":"","meta":{"_et_pb_use_builder":"off","_et_pb_old_content":"","_et_gb_content_width":""},"product_brand":[],"product_cat":[108,22],"product_tag":[],"class_list":{"0":"post-2729","1":"product","2":"type-product","3":"status-publish","4":"has-post-thumbnail","6":"product_cat-cadeau","7":"product_cat-uncategorized","9":"first","10":"instock","11":"virtual","12":"product-type-simple"},"yoast_head":"<!-- This site is optimized with the Yoast SEO plugin v27.4 - https:\/\/yoast.com\/product\/yoast-seo-wordpress\/ -->\n<title>Bon Cadeau | Ch\u00e2teau Saint-Pierre de Mejans | Vignoble<\/title>\n<meta name=\"robots\" content=\"index, follow, max-snippet:-1, max-image-preview:large, max-video-preview:-1\" \/>\n<link rel=\"canonical\" href=\"https:\/\/saintpierredemejans.com\/en\/shop\/gift-voucher\/\" \/>\n<meta property=\"og:locale\" content=\"en_GB\" \/>\n<meta property=\"og:type\" content=\"article\" \/>\n<meta property=\"og:title\" content=\"Bon Cadeau | Ch\u00e2teau Saint-Pierre de Mejans | Vignoble\" \/>\n<meta property=\"og:description\" content=\"Offrir un s\u00e9jour au ch\u00e2teau, une visite guid\u00e9e du domaine ou un atelier d&#039;initiation, c&#039;est choisir un moment de d\u00e9tente au Ch\u00e2teau Saint Pierre de Mejans.  Permettez \u00e0 un de vos proches de profiter d&#039;un moment hors du temps, dans un ancien prieur\u00e9 du XII\u00e8me si\u00e8cle, r\u00e9nov\u00e9 avec charme.  Nos \u00e9quipes sont joignables par t\u00e9l\u00e9phone au 04 90 08 70 10 ou par mail afin de cr\u00e9er avec vous un cadeau unique.  Contactez nous pour plus d&#039;infos\u00a0\" \/>\n<meta property=\"og:url\" content=\"https:\/\/saintpierredemejans.com\/en\/shop\/gift-voucher\/\" \/>\n<meta property=\"og:site_name\" content=\"Ch\u00e2teau Saint-Pierre de Mejans | Vignoble\" \/>\n<meta property=\"article:modified_time\" content=\"2025-03-24T14:07:43+00:00\" \/>\n<meta property=\"og:image\" content=\"https:\/\/saintpierredemejans.com\/wp-content\/uploads\/2022\/12\/IMG_4741-scaled-e1672405006551.jpg\" \/>\n\t<meta property=\"og:image:width\" content=\"1920\" \/>\n\t<meta property=\"og:image:height\" content=\"2355\" \/>\n\t<meta property=\"og:image:type\" content=\"image\/jpeg\" \/>\n<meta name=\"twitter:card\" content=\"summary_large_image\" \/>\n<meta name=\"twitter:label1\" content=\"Estimated reading time\" \/>\n\t<meta name=\"twitter:data1\" content=\"1 minute\" \/>\n<script type=\"application\/ld+json\" class=\"yoast-schema-graph\">{\"@context\":\"https:\\\/\\\/schema.org\",\"@graph\":[{\"@type\":\"WebPage\",\"@id\":\"https:\\\/\\\/saintpierredemejans.com\\\/boutique\\\/bon-cadeau\\\/\",\"url\":\"https:\\\/\\\/saintpierredemejans.com\\\/boutique\\\/bon-cadeau\\\/\",\"name\":\"Bon Cadeau | Ch\u00e2teau Saint-Pierre de Mejans | Vignoble\",\"isPartOf\":{\"@id\":\"https:\\\/\\\/saintpierredemejans.com\\\/#website\"},\"primaryImageOfPage\":{\"@id\":\"https:\\\/\\\/saintpierredemejans.com\\\/boutique\\\/bon-cadeau\\\/#primaryimage\"},\"image\":{\"@id\":\"https:\\\/\\\/saintpierredemejans.com\\\/boutique\\\/bon-cadeau\\\/#primaryimage\"},\"thumbnailUrl\":\"https:\\\/\\\/saintpierredemejans.com\\\/wp-content\\\/uploads\\\/2022\\\/12\\\/IMG_4741-scaled-e1672405006551.jpg\",\"datePublished\":\"2022-12-28T09:03:22+00:00\",\"dateModified\":\"2025-03-24T14:07:43+00:00\",\"breadcrumb\":{\"@id\":\"https:\\\/\\\/saintpierredemejans.com\\\/boutique\\\/bon-cadeau\\\/#breadcrumb\"},\"inLanguage\":\"en-GB\",\"potentialAction\":[{\"@type\":\"ReadAction\",\"target\":[\"https:\\\/\\\/saintpierredemejans.com\\\/boutique\\\/bon-cadeau\\\/\"]}]},{\"@type\":\"ImageObject\",\"inLanguage\":\"en-GB\",\"@id\":\"https:\\\/\\\/saintpierredemejans.com\\\/boutique\\\/bon-cadeau\\\/#primaryimage\",\"url\":\"https:\\\/\\\/saintpierredemejans.com\\\/wp-content\\\/uploads\\\/2022\\\/12\\\/IMG_4741-scaled-e1672405006551.jpg\",\"contentUrl\":\"https:\\\/\\\/saintpierredemejans.com\\\/wp-content\\\/uploads\\\/2022\\\/12\\\/IMG_4741-scaled-e1672405006551.jpg\",\"width\":1920,\"height\":2355},{\"@type\":\"BreadcrumbList\",\"@id\":\"https:\\\/\\\/saintpierredemejans.com\\\/boutique\\\/bon-cadeau\\\/#breadcrumb\",\"itemListElement\":[{\"@type\":\"ListItem\",\"position\":1,\"name\":\"Home\",\"item\":\"https:\\\/\\\/saintpierredemejans.com\\\/\"},{\"@type\":\"ListItem\",\"position\":2,\"name\":\"Boutique\",\"item\":\"https:\\\/\\\/saintpierredemejans.com\\\/boutique\\\/\"},{\"@type\":\"ListItem\",\"position\":3,\"name\":\"Bon Cadeau\"}]},{\"@type\":\"WebSite\",\"@id\":\"https:\\\/\\\/saintpierredemejans.com\\\/#website\",\"url\":\"https:\\\/\\\/saintpierredemejans.com\\\/\",\"name\":\"Ch\u00e2teau Saint-Pierre de Mejans | Vignoble\",\"description\":\"ch\u00e2teau vignoble\",\"publisher\":{\"@id\":\"https:\\\/\\\/saintpierredemejans.com\\\/#organization\"},\"potentialAction\":[{\"@type\":\"SearchAction\",\"target\":{\"@type\":\"EntryPoint\",\"urlTemplate\":\"https:\\\/\\\/saintpierredemejans.com\\\/?s={search_term_string}\"},\"query-input\":{\"@type\":\"PropertyValueSpecification\",\"valueRequired\":true,\"valueName\":\"search_term_string\"}}],\"inLanguage\":\"en-GB\"},{\"@type\":\"Organization\",\"@id\":\"https:\\\/\\\/saintpierredemejans.com\\\/#organization\",\"name\":\"Ch\u00e2teau Saint-Pierre de Mejans | Vignoble dans le Lub\u00e9ron\",\"url\":\"https:\\\/\\\/saintpierredemejans.com\\\/\",\"logo\":{\"@type\":\"ImageObject\",\"inLanguage\":\"en-GB\",\"@id\":\"https:\\\/\\\/saintpierredemejans.com\\\/#\\\/schema\\\/logo\\\/image\\\/\",\"url\":\"https:\\\/\\\/saintpierredemejans.com\\\/wp-content\\\/uploads\\\/2021\\\/08\\\/favicon-1.png\",\"contentUrl\":\"https:\\\/\\\/saintpierredemejans.com\\\/wp-content\\\/uploads\\\/2021\\\/08\\\/favicon-1.png\",\"width\":822,\"height\":822,\"caption\":\"Ch\u00e2teau Saint-Pierre de Mejans | Vignoble dans le Lub\u00e9ron\"},\"image\":{\"@id\":\"https:\\\/\\\/saintpierredemejans.com\\\/#\\\/schema\\\/logo\\\/image\\\/\"}}]}<\/script>\n<!-- \/ Yoast SEO plugin. -->","yoast_head_json":{"title":"Gift Voucher | Ch\u00e2teau Saint-Pierre de Mejans | Vineyard","robots":{"index":"index","follow":"follow","max-snippet":"max-snippet:-1","max-image-preview":"max-image-preview:large","max-video-preview":"max-video-preview:-1"},"canonical":"https:\/\/saintpierredemejans.com\/en\/shop\/gift-voucher\/","og_locale":"en_GB","og_type":"article","og_title":"Bon Cadeau | Ch\u00e2teau Saint-Pierre de Mejans | Vignoble","og_description":"Offrir un s\u00e9jour au ch\u00e2teau, une visite guid\u00e9e du domaine ou un atelier d'initiation, c'est choisir un moment de d\u00e9tente au Ch\u00e2teau Saint Pierre de Mejans.  Permettez \u00e0 un de vos proches de profiter d'un moment hors du temps, dans un ancien prieur\u00e9 du XII\u00e8me si\u00e8cle, r\u00e9nov\u00e9 avec charme.  Nos \u00e9quipes sont joignables par t\u00e9l\u00e9phone au 04 90 08 70 10 ou par mail afin de cr\u00e9er avec vous un cadeau unique.  Contactez nous pour plus d'infos\u00a0","og_url":"https:\/\/saintpierredemejans.com\/en\/shop\/gift-voucher\/","og_site_name":"Ch\u00e2teau Saint-Pierre de Mejans | Vignoble","article_modified_time":"2025-03-24T14:07:43+00:00","og_image":[{"width":1920,"height":2355,"url":"https:\/\/saintpierredemejans.com\/wp-content\/uploads\/2022\/12\/IMG_4741-scaled-e1672405006551.jpg","type":"image\/jpeg"}],"twitter_card":"summary_large_image","twitter_misc":{"Estimated reading time":"1 minute"},"schema":{"@context":"https:\/\/schema.org","@graph":[{"@type":"WebPage","@id":"https:\/\/saintpierredemejans.com\/boutique\/bon-cadeau\/","url":"https:\/\/saintpierredemejans.com\/boutique\/bon-cadeau\/","name":"Gift Voucher | Ch\u00e2teau Saint-Pierre de Mejans | Vineyard","isPartOf":{"@id":"https:\/\/saintpierredemejans.com\/#website"},"primaryImageOfPage":{"@id":"https:\/\/saintpierredemejans.com\/boutique\/bon-cadeau\/#primaryimage"},"image":{"@id":"https:\/\/saintpierredemejans.com\/boutique\/bon-cadeau\/#primaryimage"},"thumbnailUrl":"https:\/\/saintpierredemejans.com\/wp-content\/uploads\/2022\/12\/IMG_4741-scaled-e1672405006551.jpg","datePublished":"2022-12-28T09:03:22+00:00","dateModified":"2025-03-24T14:07:43+00:00","breadcrumb":{"@id":"https:\/\/saintpierredemejans.com\/boutique\/bon-cadeau\/#breadcrumb"},"inLanguage":"en-GB","potentialAction":[{"@type":"ReadAction","target":["https:\/\/saintpierredemejans.com\/boutique\/bon-cadeau\/"]}]},{"@type":"ImageObject","inLanguage":"en-GB","@id":"https:\/\/saintpierredemejans.com\/boutique\/bon-cadeau\/#primaryimage","url":"https:\/\/saintpierredemejans.com\/wp-content\/uploads\/2022\/12\/IMG_4741-scaled-e1672405006551.jpg","contentUrl":"https:\/\/saintpierredemejans.com\/wp-content\/uploads\/2022\/12\/IMG_4741-scaled-e1672405006551.jpg","width":1920,"height":2355},{"@type":"BreadcrumbList","@id":"https:\/\/saintpierredemejans.com\/boutique\/bon-cadeau\/#breadcrumb","itemListElement":[{"@type":"ListItem","position":1,"name":"Home","item":"https:\/\/saintpierredemejans.com\/"},{"@type":"ListItem","position":2,"name":"Boutique","item":"https:\/\/saintpierredemejans.com\/boutique\/"},{"@type":"ListItem","position":3,"name":"Bon Cadeau"}]},{"@type":"WebSite","@id":"https:\/\/saintpierredemejans.com\/#website","url":"https:\/\/saintpierredemejans.com\/","name":"Ch\u00e2teau Saint-Pierre de Mejans | Vineyard","description":"chateau vineyard","publisher":{"@id":"https:\/\/saintpierredemejans.com\/#organization"},"potentialAction":[{"@type":"SearchAction","target":{"@type":"EntryPoint","urlTemplate":"https:\/\/saintpierredemejans.com\/?s={search_term_string}"},"query-input":{"@type":"PropertyValueSpecification","valueRequired":true,"valueName":"search_term_string"}}],"inLanguage":"en-GB"},{"@type":"Organization","@id":"https:\/\/saintpierredemejans.com\/#organization","name":"Ch\u00e2teau Saint-Pierre de Mejans | Vineyard in the Lub\u00e9ron","url":"https:\/\/saintpierredemejans.com\/","logo":{"@type":"ImageObject","inLanguage":"en-GB","@id":"https:\/\/saintpierredemejans.com\/#\/schema\/logo\/image\/","url":"https:\/\/saintpierredemejans.com\/wp-content\/uploads\/2021\/08\/favicon-1.png","contentUrl":"https:\/\/saintpierredemejans.com\/wp-content\/uploads\/2021\/08\/favicon-1.png","width":822,"height":822,"caption":"Ch\u00e2teau Saint-Pierre de Mejans | Vignoble dans le Lub\u00e9ron"},"image":{"@id":"https:\/\/saintpierredemejans.com\/#\/schema\/logo\/image\/"}}]}},"_links":{"self":[{"href":"https:\/\/saintpierredemejans.com\/en\/wp-json\/wp\/v2\/product\/2729","targetHints":{"allow":["GET"]}}],"collection":[{"href":"https:\/\/saintpierredemejans.com\/en\/wp-json\/wp\/v2\/product"}],"about":[{"href":"https:\/\/saintpierredemejans.com\/en\/wp-json\/wp\/v2\/types\/product"}],"wp:featuredmedia":[{"embeddable":true,"href":"https:\/\/saintpierredemejans.com\/en\/wp-json\/wp\/v2\/media\/2757"}],"wp:attachment":[{"href":"https:\/\/saintpierredemejans.com\/en\/wp-json\/wp\/v2\/media?parent=2729"}],"wp:term":[{"taxonomy":"product_brand","embeddable":true,"href":"https:\/\/saintpierredemejans.com\/en\/wp-json\/wp\/v2\/product_brand?post=2729"},{"taxonomy":"product_cat","embeddable":true,"href":"https:\/\/saintpierredemejans.com\/en\/wp-json\/wp\/v2\/product_cat?post=2729"},{"taxonomy":"product_tag","embeddable":true,"href":"https:\/\/saintpierredemejans.com\/en\/wp-json\/wp\/v2\/product_tag?post=2729"}],"curies":[{"name":"wp","href":"https:\/\/api.w.org\/{rel}","templated":true}]}}