{"id":3076,"date":"2023-03-21T13:18:26","date_gmt":"2023-03-21T12:18:26","guid":{"rendered":"https:\/\/saintpierredemejans.com\/?post_type=product&#038;p=3076"},"modified":"2025-09-15T10:33:11","modified_gmt":"2025-09-15T08:33:11","slug":"vin-rose-cuvee-m-petillant","status":"publish","type":"product","link":"https:\/\/saintpierredemejans.com\/en\/boutique\/vin-rose-cuvee-m-petillant\/","title":{"rendered":"Cuv\u00e9e M P\u00e9tillant (ros\u00e9)"},"content":{"rendered":"<p><strong>Purchase by case of 6 only<\/strong>\u00a0 This sparkling ros\u00e9 has a very clear colour and expresses itself through its freshness and finesse. This wine comes from a winegrowing estate, a former priory, which dates back to the 12th century.<sup>-<\/sup>century.<\/p>\n<div class=\"et_pb_module et_pb_text et_pb_text_4 et_pb_text_align_left et_pb_bg_layout_light\">\n<div class=\"et_pb_text_inner\">\n<h3>THE VINEYARD<\/h3>\n<ul class=\"ulmejans\">\n<li class=\"limejans\">Surface area: Less than 1 hectare<\/li>\n<li class=\"limejans\">Grape varieties: 90% Cinsault, 10% Syrah<\/li>\n<li class=\"limejans\">Average age of vines: 30 years<\/li>\n<li class=\"limejans\">Method of cultivation : organic cultivation<\/li>\n<li class=\"limejans\">Type of terroir : Clay-limestone<\/li>\n<li class=\"limejans\">Grape harvest: mechanical<\/li>\n<\/ul>\n<h1><\/h1>\n<\/div>\n<\/div>\n<div class=\"et_pb_module et_pb_text et_pb_text_5 et_pb_text_align_left et_pb_bg_layout_light\">\n<div class=\"et_pb_text_inner\">\n<h3>VINIFICATION<\/h3>\n<ul class=\"ulmejans\">\n<li class=\"limejans\">Vinification of grape varieties: together in the same vat<\/li>\n<li class=\"limejans\">Total destemming<\/li>\n<li class=\"limejans\">Type of vat: 90 hl stainless steel vat<\/li>\n<li class=\"limejans\">Yeasting: yes<\/li>\n<li class=\"limejans\">Maximum temperature: 15\u00b0 C<\/li>\n<li class=\"limejans\">Slight maceration<\/li>\n<li class=\"limejans\">Sugar fermentation time: approximately 4 to 5 weeks.<\/li>\n<\/ul>\n<\/div>\n<\/div>\n<div class=\"et_pb_module et_pb_text et_pb_text_6 et_pb_text_align_left et_pb_bg_layout_light\"><\/div>\n<div class=\"et_pb_module et_pb_text et_pb_text_7 et_pb_text_align_left et_pb_bg_layout_light\">\n<div class=\"et_pb_text_inner\">\n<h3>BOTTLING<\/h3>\n<ul class=\"ulmejans\">\n<li class=\"limejans\">Charmat method<\/li>\n<li class=\"limejans\">Cross-flow filtration<\/li>\n<\/ul>\n<\/div>\n<\/div>\n<p>&nbsp;<\/p>","protected":false},"excerpt":{"rendered":"<p>Achat par caisse de 6 uniquement\u00a0 Sur ces terres filtrantes qui d\u00e9livrent de faibles rendements, ce ros\u00e9 p\u00e9tillant \u00e0 la robe tr\u00e8s claire s\u2019exprime par sa fraicheur et sa finesse qui donne toutes ses lettres de noblesse \u00e0 ce vin issue d\u2019un domaine viticole, ancien prieur\u00e9, qui date du 12\u00e8me\u2013si\u00e8cle. LA VIGNE Superficie : Moins [&hellip;]<\/p>\n","protected":false},"featured_media":2881,"template":"","meta":{"_et_pb_use_builder":"off","_et_pb_old_content":"<strong>Achat par caisse de 6 uniquement<\/strong> Sur ces terres tr\u00e8s filtrantes qui d\u00e9livrent de faibles rendements, le principe selon lequel on extrait plus finement dans les vignes qu\u2019\u00e0 la cave se v\u00e9rifie pleinement. Ce vin rouge, d\u2019une belle robe, est bien \u00e9quilibr\u00e9 entre les fruits rouges et les tannins soyeux.\r\n<h3 style=\"margin-top: 20px\">LA VIGNE<\/h3>\r\n<ul class=\"ulmejans\">\r\n \t<li class=\"limejans\">Superficie\u00a0: 3 hectares<\/li>\r\n \t<li class=\"limejans\">Les c\u00e9pages\u00a0: 50% Syrah, 35% Grenache Noir, 15% Carignan<\/li>\r\n \t<li class=\"limejans\">Age moyen des vignes\u00a0: 25-35 ans<\/li>\r\n \t<li class=\"limejans\">Mode de culture\u00a0: culture raisonn\u00e9e<\/li>\r\n \t<li class=\"limejans\">Type de terroir\u00a0: Argilo-calcaire<\/li>\r\n \t<li class=\"limejans\">Ramassage du raisin\u00a0: \u00e0 la main<\/li>\r\n<\/ul>\r\n<h3>LA VINIFICATION<\/h3>\r\n<ul class=\"ulmejans\">\r\n \t<li class=\"limejans\">Vinification des c\u00e9pages\u00a0: ensemble dans une m\u00eame cuve<\/li>\r\n \t<li class=\"limejans\">Eraflage\u00a0total<\/li>\r\n \t<li class=\"limejans\">Type de cuve\u00a0: Inox de 90 hl<\/li>\r\n \t<li class=\"limejans\">Levurage\u00a0: oui<\/li>\r\n \t<li class=\"limejans\">Temp\u00e9rature maxi\u00a0: 28\u00b0 C, contr\u00f4le de la temp\u00e9rature par eau de ruissellement venue d\u2019un puit.<\/li>\r\n \t<li class=\"limejans\">Mac\u00e9ration moyenne de 2 semaines<\/li>\r\n<\/ul>\r\n<h3>ELEVAGE<\/h3>\r\n<ul class=\"ulmejans\">\r\n \t<li class=\"limejans\">Elevage en cuve b\u00e9ton, 18 mois<\/li>\r\n<\/ul>\r\n<h3>MISE EN BOUTEILLE<\/h3>\r\n<ul class=\"ulmejans\">\r\n \t<li class=\"limejans\">Pas de collage<\/li>\r\n \t<li class=\"limejans\">Filtration sur plaque<\/li>\r\n<\/ul>","_et_gb_content_width":""},"product_brand":[],"product_cat":[22,25],"product_tag":[],"class_list":{"0":"post-3076","1":"product","2":"type-product","3":"status-publish","4":"has-post-thumbnail","6":"product_cat-uncategorized","7":"product_cat-vin-rose","8":"product_shipping_class-bouteilles","10":"first","11":"instock","12":"shipping-taxable","13":"purchasable","14":"product-type-simple"},"yoast_head":"<!-- This site is optimized with the Yoast SEO plugin v27.4 - https:\/\/yoast.com\/product\/yoast-seo-wordpress\/ -->\n<title>Cuv\u00e9e M P\u00e9tillant (ros\u00e9) | Ch\u00e2teau Saint-Pierre de Mejans | Vignoble<\/title>\n<meta name=\"robots\" content=\"index, follow, max-snippet:-1, max-image-preview:large, max-video-preview:-1\" \/>\n<link rel=\"canonical\" href=\"https:\/\/saintpierredemejans.com\/en\/shop\/vin-rose-cuvee-m-petillant\/\" \/>\n<meta property=\"og:locale\" content=\"en_GB\" \/>\n<meta property=\"og:type\" content=\"article\" \/>\n<meta property=\"og:title\" content=\"Cuv\u00e9e M P\u00e9tillant (ros\u00e9) | Ch\u00e2teau Saint-Pierre de Mejans | Vignoble\" \/>\n<meta property=\"og:description\" content=\"Achat par caisse de 6 uniquement\u00a0 Sur ces terres filtrantes qui d\u00e9livrent de faibles rendements, ce ros\u00e9 p\u00e9tillant \u00e0 la robe tr\u00e8s claire s\u2019exprime par sa fraicheur et sa finesse qui donne toutes ses lettres de noblesse \u00e0 ce vin issue d\u2019un domaine viticole, ancien prieur\u00e9, qui date du 12\u00e8me\u2013si\u00e8cle. LA VIGNE Superficie : Moins [&hellip;]\" \/>\n<meta property=\"og:url\" content=\"https:\/\/saintpierredemejans.com\/en\/shop\/vin-rose-cuvee-m-petillant\/\" \/>\n<meta property=\"og:site_name\" content=\"Ch\u00e2teau Saint-Pierre de Mejans | Vignoble\" \/>\n<meta property=\"article:modified_time\" content=\"2025-09-15T08:33:11+00:00\" \/>\n<meta property=\"og:image\" content=\"https:\/\/saintpierredemejans.com\/wp-content\/uploads\/2023\/03\/rose-M.jpg\" \/>\n\t<meta property=\"og:image:width\" content=\"850\" \/>\n\t<meta property=\"og:image:height\" content=\"850\" \/>\n\t<meta property=\"og:image:type\" content=\"image\/jpeg\" \/>\n<meta name=\"twitter:card\" content=\"summary_large_image\" \/>\n<meta name=\"twitter:label1\" content=\"Estimated reading time\" \/>\n\t<meta name=\"twitter:data1\" content=\"1 minute\" \/>\n<script type=\"application\/ld+json\" class=\"yoast-schema-graph\">{\"@context\":\"https:\\\/\\\/schema.org\",\"@graph\":[{\"@type\":\"WebPage\",\"@id\":\"https:\\\/\\\/saintpierredemejans.com\\\/boutique\\\/vin-rose-cuvee-m-petillant\\\/\",\"url\":\"https:\\\/\\\/saintpierredemejans.com\\\/boutique\\\/vin-rose-cuvee-m-petillant\\\/\",\"name\":\"Cuv\u00e9e M P\u00e9tillant (ros\u00e9) | Ch\u00e2teau Saint-Pierre de Mejans | Vignoble\",\"isPartOf\":{\"@id\":\"https:\\\/\\\/saintpierredemejans.com\\\/#website\"},\"primaryImageOfPage\":{\"@id\":\"https:\\\/\\\/saintpierredemejans.com\\\/boutique\\\/vin-rose-cuvee-m-petillant\\\/#primaryimage\"},\"image\":{\"@id\":\"https:\\\/\\\/saintpierredemejans.com\\\/boutique\\\/vin-rose-cuvee-m-petillant\\\/#primaryimage\"},\"thumbnailUrl\":\"https:\\\/\\\/saintpierredemejans.com\\\/wp-content\\\/uploads\\\/2023\\\/03\\\/rose-M.jpg\",\"datePublished\":\"2023-03-21T12:18:26+00:00\",\"dateModified\":\"2025-09-15T08:33:11+00:00\",\"breadcrumb\":{\"@id\":\"https:\\\/\\\/saintpierredemejans.com\\\/boutique\\\/vin-rose-cuvee-m-petillant\\\/#breadcrumb\"},\"inLanguage\":\"en-GB\",\"potentialAction\":[{\"@type\":\"ReadAction\",\"target\":[\"https:\\\/\\\/saintpierredemejans.com\\\/boutique\\\/vin-rose-cuvee-m-petillant\\\/\"]}]},{\"@type\":\"ImageObject\",\"inLanguage\":\"en-GB\",\"@id\":\"https:\\\/\\\/saintpierredemejans.com\\\/boutique\\\/vin-rose-cuvee-m-petillant\\\/#primaryimage\",\"url\":\"https:\\\/\\\/saintpierredemejans.com\\\/wp-content\\\/uploads\\\/2023\\\/03\\\/rose-M.jpg\",\"contentUrl\":\"https:\\\/\\\/saintpierredemejans.com\\\/wp-content\\\/uploads\\\/2023\\\/03\\\/rose-M.jpg\",\"width\":850,\"height\":850},{\"@type\":\"BreadcrumbList\",\"@id\":\"https:\\\/\\\/saintpierredemejans.com\\\/boutique\\\/vin-rose-cuvee-m-petillant\\\/#breadcrumb\",\"itemListElement\":[{\"@type\":\"ListItem\",\"position\":1,\"name\":\"Home\",\"item\":\"https:\\\/\\\/saintpierredemejans.com\\\/\"},{\"@type\":\"ListItem\",\"position\":2,\"name\":\"Boutique\",\"item\":\"https:\\\/\\\/saintpierredemejans.com\\\/boutique\\\/\"},{\"@type\":\"ListItem\",\"position\":3,\"name\":\"Cuv\u00e9e M P\u00e9tillant (ros\u00e9)\"}]},{\"@type\":\"WebSite\",\"@id\":\"https:\\\/\\\/saintpierredemejans.com\\\/#website\",\"url\":\"https:\\\/\\\/saintpierredemejans.com\\\/\",\"name\":\"Ch\u00e2teau Saint-Pierre de Mejans | Vignoble\",\"description\":\"ch\u00e2teau vignoble\",\"publisher\":{\"@id\":\"https:\\\/\\\/saintpierredemejans.com\\\/#organization\"},\"potentialAction\":[{\"@type\":\"SearchAction\",\"target\":{\"@type\":\"EntryPoint\",\"urlTemplate\":\"https:\\\/\\\/saintpierredemejans.com\\\/?s={search_term_string}\"},\"query-input\":{\"@type\":\"PropertyValueSpecification\",\"valueRequired\":true,\"valueName\":\"search_term_string\"}}],\"inLanguage\":\"en-GB\"},{\"@type\":\"Organization\",\"@id\":\"https:\\\/\\\/saintpierredemejans.com\\\/#organization\",\"name\":\"Ch\u00e2teau Saint-Pierre de Mejans | Vignoble dans le Lub\u00e9ron\",\"url\":\"https:\\\/\\\/saintpierredemejans.com\\\/\",\"logo\":{\"@type\":\"ImageObject\",\"inLanguage\":\"en-GB\",\"@id\":\"https:\\\/\\\/saintpierredemejans.com\\\/#\\\/schema\\\/logo\\\/image\\\/\",\"url\":\"https:\\\/\\\/saintpierredemejans.com\\\/wp-content\\\/uploads\\\/2021\\\/08\\\/favicon-1.png\",\"contentUrl\":\"https:\\\/\\\/saintpierredemejans.com\\\/wp-content\\\/uploads\\\/2021\\\/08\\\/favicon-1.png\",\"width\":822,\"height\":822,\"caption\":\"Ch\u00e2teau Saint-Pierre de Mejans | Vignoble dans le Lub\u00e9ron\"},\"image\":{\"@id\":\"https:\\\/\\\/saintpierredemejans.com\\\/#\\\/schema\\\/logo\\\/image\\\/\"}}]}<\/script>\n<!-- \/ Yoast SEO plugin. -->","yoast_head_json":{"title":"Cuv\u00e9e M P\u00e9tillant (ros\u00e9) | Ch\u00e2teau Saint-Pierre de Mejans | Vineyard","robots":{"index":"index","follow":"follow","max-snippet":"max-snippet:-1","max-image-preview":"max-image-preview:large","max-video-preview":"max-video-preview:-1"},"canonical":"https:\/\/saintpierredemejans.com\/en\/shop\/vin-rose-cuvee-m-petillant\/","og_locale":"en_GB","og_type":"article","og_title":"Cuv\u00e9e M P\u00e9tillant (ros\u00e9) | Ch\u00e2teau Saint-Pierre de Mejans | Vignoble","og_description":"Achat par caisse de 6 uniquement\u00a0 Sur ces terres filtrantes qui d\u00e9livrent de faibles rendements, ce ros\u00e9 p\u00e9tillant \u00e0 la robe tr\u00e8s claire s\u2019exprime par sa fraicheur et sa finesse qui donne toutes ses lettres de noblesse \u00e0 ce vin issue d\u2019un domaine viticole, ancien prieur\u00e9, qui date du 12\u00e8me\u2013si\u00e8cle. LA VIGNE Superficie : Moins [&hellip;]","og_url":"https:\/\/saintpierredemejans.com\/en\/shop\/vin-rose-cuvee-m-petillant\/","og_site_name":"Ch\u00e2teau Saint-Pierre de Mejans | Vignoble","article_modified_time":"2025-09-15T08:33:11+00:00","og_image":[{"width":850,"height":850,"url":"https:\/\/saintpierredemejans.com\/wp-content\/uploads\/2023\/03\/rose-M.jpg","type":"image\/jpeg"}],"twitter_card":"summary_large_image","twitter_misc":{"Estimated reading time":"1 minute"},"schema":{"@context":"https:\/\/schema.org","@graph":[{"@type":"WebPage","@id":"https:\/\/saintpierredemejans.com\/boutique\/vin-rose-cuvee-m-petillant\/","url":"https:\/\/saintpierredemejans.com\/boutique\/vin-rose-cuvee-m-petillant\/","name":"Cuv\u00e9e M P\u00e9tillant (ros\u00e9) | Ch\u00e2teau Saint-Pierre de Mejans | Vineyard","isPartOf":{"@id":"https:\/\/saintpierredemejans.com\/#website"},"primaryImageOfPage":{"@id":"https:\/\/saintpierredemejans.com\/boutique\/vin-rose-cuvee-m-petillant\/#primaryimage"},"image":{"@id":"https:\/\/saintpierredemejans.com\/boutique\/vin-rose-cuvee-m-petillant\/#primaryimage"},"thumbnailUrl":"https:\/\/saintpierredemejans.com\/wp-content\/uploads\/2023\/03\/rose-M.jpg","datePublished":"2023-03-21T12:18:26+00:00","dateModified":"2025-09-15T08:33:11+00:00","breadcrumb":{"@id":"https:\/\/saintpierredemejans.com\/boutique\/vin-rose-cuvee-m-petillant\/#breadcrumb"},"inLanguage":"en-GB","potentialAction":[{"@type":"ReadAction","target":["https:\/\/saintpierredemejans.com\/boutique\/vin-rose-cuvee-m-petillant\/"]}]},{"@type":"ImageObject","inLanguage":"en-GB","@id":"https:\/\/saintpierredemejans.com\/boutique\/vin-rose-cuvee-m-petillant\/#primaryimage","url":"https:\/\/saintpierredemejans.com\/wp-content\/uploads\/2023\/03\/rose-M.jpg","contentUrl":"https:\/\/saintpierredemejans.com\/wp-content\/uploads\/2023\/03\/rose-M.jpg","width":850,"height":850},{"@type":"BreadcrumbList","@id":"https:\/\/saintpierredemejans.com\/boutique\/vin-rose-cuvee-m-petillant\/#breadcrumb","itemListElement":[{"@type":"ListItem","position":1,"name":"Home","item":"https:\/\/saintpierredemejans.com\/"},{"@type":"ListItem","position":2,"name":"Boutique","item":"https:\/\/saintpierredemejans.com\/boutique\/"},{"@type":"ListItem","position":3,"name":"Cuv\u00e9e M P\u00e9tillant (ros\u00e9)"}]},{"@type":"WebSite","@id":"https:\/\/saintpierredemejans.com\/#website","url":"https:\/\/saintpierredemejans.com\/","name":"Ch\u00e2teau Saint-Pierre de Mejans | Vineyard","description":"chateau vineyard","publisher":{"@id":"https:\/\/saintpierredemejans.com\/#organization"},"potentialAction":[{"@type":"SearchAction","target":{"@type":"EntryPoint","urlTemplate":"https:\/\/saintpierredemejans.com\/?s={search_term_string}"},"query-input":{"@type":"PropertyValueSpecification","valueRequired":true,"valueName":"search_term_string"}}],"inLanguage":"en-GB"},{"@type":"Organization","@id":"https:\/\/saintpierredemejans.com\/#organization","name":"Ch\u00e2teau Saint-Pierre de Mejans | Vineyard in the Lub\u00e9ron","url":"https:\/\/saintpierredemejans.com\/","logo":{"@type":"ImageObject","inLanguage":"en-GB","@id":"https:\/\/saintpierredemejans.com\/#\/schema\/logo\/image\/","url":"https:\/\/saintpierredemejans.com\/wp-content\/uploads\/2021\/08\/favicon-1.png","contentUrl":"https:\/\/saintpierredemejans.com\/wp-content\/uploads\/2021\/08\/favicon-1.png","width":822,"height":822,"caption":"Ch\u00e2teau Saint-Pierre de Mejans | Vignoble dans le Lub\u00e9ron"},"image":{"@id":"https:\/\/saintpierredemejans.com\/#\/schema\/logo\/image\/"}}]}},"_links":{"self":[{"href":"https:\/\/saintpierredemejans.com\/en\/wp-json\/wp\/v2\/product\/3076","targetHints":{"allow":["GET"]}}],"collection":[{"href":"https:\/\/saintpierredemejans.com\/en\/wp-json\/wp\/v2\/product"}],"about":[{"href":"https:\/\/saintpierredemejans.com\/en\/wp-json\/wp\/v2\/types\/product"}],"wp:featuredmedia":[{"embeddable":true,"href":"https:\/\/saintpierredemejans.com\/en\/wp-json\/wp\/v2\/media\/2881"}],"wp:attachment":[{"href":"https:\/\/saintpierredemejans.com\/en\/wp-json\/wp\/v2\/media?parent=3076"}],"wp:term":[{"taxonomy":"product_brand","embeddable":true,"href":"https:\/\/saintpierredemejans.com\/en\/wp-json\/wp\/v2\/product_brand?post=3076"},{"taxonomy":"product_cat","embeddable":true,"href":"https:\/\/saintpierredemejans.com\/en\/wp-json\/wp\/v2\/product_cat?post=3076"},{"taxonomy":"product_tag","embeddable":true,"href":"https:\/\/saintpierredemejans.com\/en\/wp-json\/wp\/v2\/product_tag?post=3076"}],"curies":[{"name":"wp","href":"https:\/\/api.w.org\/{rel}","templated":true}]}}