{"id":971,"date":"2021-07-20T14:24:09","date_gmt":"2021-07-20T12:24:09","guid":{"rendered":"https:\/\/mejans.hotel-webdesign.fr\/?post_type=product&#038;p=971"},"modified":"2024-04-08T09:05:56","modified_gmt":"2024-04-08T07:05:56","slug":"vieilles-vignes-red-wine","status":"publish","type":"product","link":"https:\/\/saintpierredemejans.com\/en\/boutique\/vin-rouge-vieilles-vignes\/","title":{"rendered":"Vieilles Vignes (red)"},"content":{"rendered":"<p><strong>Purchase by case of 6 only<\/strong> On these highly filtered soils, which produce low yields, the principle of extracting more finely in the vineyard than in the cellar is fully borne out. This beautifully coloured red wine is well balanced between red fruit and silky tannins. <strong>Gold medal USA WINE RATING 2021<\/strong><\/p>\n<h3 style=\"margin-top: 20px;\">THE VINEYARD<\/h3>\n<ul class=\"ulmejans\">\n<li class=\"limejans\">Surface area: 2 hectares<\/li>\n<li class=\"limejans\">Grape varieties: 60% Syrah, 30% Grenache Noir, 10% Carignan<\/li>\n<li class=\"limejans\">Average age of vines: 25-45 years<\/li>\n<li class=\"limejans\">Cultivation method : integrated cultivation<\/li>\n<li class=\"limejans\">Type of terroir : Clay-limestone with stony soil<\/li>\n<li class=\"limejans\">Picking the grapes: by hand<\/li>\n<\/ul>\n<h3>VINIFICATION<\/h3>\n<ul class=\"ulmejans\">\n<li class=\"limejans\">Vinification of grape varieties: together in the same vat<\/li>\n<li class=\"limejans\">Total destemming<\/li>\n<li class=\"limejans\">Type of vat: 90 hl stainless steel vat<\/li>\n<li class=\"limejans\">Yeasting: yes<\/li>\n<li class=\"limejans\">Maximum temperature: 28\u00b0 C, controlled by run-off water from a well.<\/li>\n<li class=\"limejans\">Average maceration of 3 weeks<\/li>\n<\/ul>\n<h3>BREEDING<\/h3>\n<ul class=\"ulmejans\">\n<li class=\"limejans\">Aged in concrete vats for 18 months<\/li>\n<\/ul>\n<h3>BOTTLING<\/h3>\n<ul class=\"ulmejans\">\n<li class=\"limejans\">No gluing<\/li>\n<li class=\"limejans\">Plate filtration<\/li>\n<\/ul>","protected":false},"excerpt":{"rendered":"<p>Achat par caisse de 6 uniquement Sur ces terres tr\u00e8s filtrantes qui d\u00e9livrent de faibles rendements, le principe selon lequel on extrait plus finement dans les vignes qu\u2019\u00e0 la cave se v\u00e9rifie pleinement. Ce vin rouge, d\u2019une belle robe, est bien \u00e9quilibr\u00e9 entre les fruits rouges et les tannins soyeux. M\u00e9daille d&rsquo;or USA WINE RATING [&hellip;]<\/p>\n","protected":false},"featured_media":1911,"template":"","meta":{"_et_pb_use_builder":"off","_et_pb_old_content":"<strong>Achat par caisse de 6 uniquement<\/strong>\r\n\r\nSur ces terres tr\u00e8s filtrantes qui d\u00e9livrent de faibles rendements, le principe selon lequel on extrait plus finement dans les vignes qu\u2019\u00e0 la cave se v\u00e9rifie pleinement. Ce vin rouge, d\u2019une belle robe, est bien \u00e9quilibr\u00e9 entre les fruits rouges et les tannins soyeux.\r\n\r\n<strong>M\u00e9daille d'or USA WINE RATING 2021<\/strong>\r\n<h3 style=\"margin-top: 20px\">LA VIGNE<\/h3>\r\n<ul class=\"ulmejans\">\r\n \t<li class=\"limejans\">Superficie : 2 hectares<\/li>\r\n \t<li class=\"limejans\">Les c\u00e9pages : 60% Syrah, 30% Grenache Noir, 10% Carignan<\/li>\r\n \t<li class=\"limejans\">Age moyen des vignes : 25-45 ans<\/li>\r\n \t<li class=\"limejans\">Mode de culture\u00a0: culture raisonn\u00e9e<\/li>\r\n \t<li class=\"limejans\">Type de terroir : Argilo-calcaire avec charge caillouteuse<\/li>\r\n \t<li class=\"limejans\">Ramassage du raisin\u00a0: \u00e0 la main<\/li>\r\n<\/ul>\r\n<h3>LA VINIFICATION<\/h3>\r\n<ul class=\"ulmejans\">\r\n \t<li class=\"limejans\">Vinification des c\u00e9pages\u00a0: ensemble dans une m\u00eame cuve<\/li>\r\n \t<li class=\"limejans\">Eraflage\u00a0total<\/li>\r\n \t<li class=\"limejans\">Type de cuve\u00a0: Inox de 90 hl<\/li>\r\n \t<li class=\"limejans\">Levurage\u00a0: oui<\/li>\r\n \t<li class=\"limejans\">Temp\u00e9rature maxi\u00a0: 28\u00b0 C, contr\u00f4le de la temp\u00e9rature par eau de ruissellement venue d\u2019un puit.<\/li>\r\n \t<li class=\"limejans\">Mac\u00e9ration moyenne de 3 semaines<\/li>\r\n<\/ul>\r\n<h3>ELEVAGE<\/h3>\r\n<ul class=\"ulmejans\">\r\n \t<li class=\"limejans\">Elevage en cuve b\u00e9ton, 18 mois<\/li>\r\n<\/ul>\r\n<h3>MISE EN BOUTEILLE<\/h3>\r\n<ul class=\"ulmejans\">\r\n \t<li class=\"limejans\">Pas de collage<\/li>\r\n \t<li class=\"limejans\">Filtration sur plaque<\/li>\r\n<\/ul>","_et_gb_content_width":""},"product_brand":[],"product_cat":[22,23],"product_tag":[],"class_list":{"0":"post-971","1":"product","2":"type-product","3":"status-publish","4":"has-post-thumbnail","6":"product_cat-uncategorized","7":"product_cat-vin-rouge","8":"product_shipping_class-bouteilles","10":"first","11":"instock","12":"shipping-taxable","13":"purchasable","14":"product-type-simple"},"yoast_head":"<!-- This site is optimized with the Yoast SEO plugin v27.4 - https:\/\/yoast.com\/product\/yoast-seo-wordpress\/ -->\n<title>Vieilles Vignes (rouge) | Ch\u00e2teau Saint-Pierre de Mejans | Vignoble<\/title>\n<meta name=\"robots\" content=\"index, follow, max-snippet:-1, max-image-preview:large, max-video-preview:-1\" \/>\n<link rel=\"canonical\" href=\"https:\/\/saintpierredemejans.com\/en\/shop\/vieilles-vignes-red-wine\/\" \/>\n<meta property=\"og:locale\" content=\"en_GB\" \/>\n<meta property=\"og:type\" content=\"article\" \/>\n<meta property=\"og:title\" content=\"Vieilles Vignes (rouge) | Ch\u00e2teau Saint-Pierre de Mejans | Vignoble\" \/>\n<meta property=\"og:description\" content=\"Achat par caisse de 6 uniquement Sur ces terres tr\u00e8s filtrantes qui d\u00e9livrent de faibles rendements, le principe selon lequel on extrait plus finement dans les vignes qu\u2019\u00e0 la cave se v\u00e9rifie pleinement. Ce vin rouge, d\u2019une belle robe, est bien \u00e9quilibr\u00e9 entre les fruits rouges et les tannins soyeux. M\u00e9daille d&rsquo;or USA WINE RATING [&hellip;]\" \/>\n<meta property=\"og:url\" content=\"https:\/\/saintpierredemejans.com\/en\/shop\/vieilles-vignes-red-wine\/\" \/>\n<meta property=\"og:site_name\" content=\"Ch\u00e2teau Saint-Pierre de Mejans | Vignoble\" \/>\n<meta property=\"article:modified_time\" content=\"2024-04-08T07:05:56+00:00\" \/>\n<meta property=\"og:image\" content=\"https:\/\/saintpierredemejans.com\/wp-content\/uploads\/2021\/07\/2022-medailles-vieilles-vignes-bouteille-Chateau-Saint-Pierre-Mejans-DSC_0713-2.jpg\" \/>\n\t<meta property=\"og:image:width\" content=\"850\" \/>\n\t<meta property=\"og:image:height\" content=\"850\" \/>\n\t<meta property=\"og:image:type\" content=\"image\/jpeg\" \/>\n<meta name=\"twitter:card\" content=\"summary_large_image\" \/>\n<meta name=\"twitter:label1\" content=\"Estimated reading time\" \/>\n\t<meta name=\"twitter:data1\" content=\"1 minute\" \/>\n<script type=\"application\/ld+json\" class=\"yoast-schema-graph\">{\"@context\":\"https:\\\/\\\/schema.org\",\"@graph\":[{\"@type\":\"WebPage\",\"@id\":\"https:\\\/\\\/saintpierredemejans.com\\\/boutique\\\/vin-rouge-vieilles-vignes\\\/\",\"url\":\"https:\\\/\\\/saintpierredemejans.com\\\/boutique\\\/vin-rouge-vieilles-vignes\\\/\",\"name\":\"Vieilles Vignes (rouge) | Ch\u00e2teau Saint-Pierre de Mejans | Vignoble\",\"isPartOf\":{\"@id\":\"https:\\\/\\\/saintpierredemejans.com\\\/#website\"},\"primaryImageOfPage\":{\"@id\":\"https:\\\/\\\/saintpierredemejans.com\\\/boutique\\\/vin-rouge-vieilles-vignes\\\/#primaryimage\"},\"image\":{\"@id\":\"https:\\\/\\\/saintpierredemejans.com\\\/boutique\\\/vin-rouge-vieilles-vignes\\\/#primaryimage\"},\"thumbnailUrl\":\"https:\\\/\\\/saintpierredemejans.com\\\/wp-content\\\/uploads\\\/2021\\\/07\\\/2022-medailles-vieilles-vignes-bouteille-Chateau-Saint-Pierre-Mejans-DSC_0713-2.jpg\",\"datePublished\":\"2021-07-20T12:24:09+00:00\",\"dateModified\":\"2024-04-08T07:05:56+00:00\",\"breadcrumb\":{\"@id\":\"https:\\\/\\\/saintpierredemejans.com\\\/boutique\\\/vin-rouge-vieilles-vignes\\\/#breadcrumb\"},\"inLanguage\":\"en-GB\",\"potentialAction\":[{\"@type\":\"ReadAction\",\"target\":[\"https:\\\/\\\/saintpierredemejans.com\\\/boutique\\\/vin-rouge-vieilles-vignes\\\/\"]}]},{\"@type\":\"ImageObject\",\"inLanguage\":\"en-GB\",\"@id\":\"https:\\\/\\\/saintpierredemejans.com\\\/boutique\\\/vin-rouge-vieilles-vignes\\\/#primaryimage\",\"url\":\"https:\\\/\\\/saintpierredemejans.com\\\/wp-content\\\/uploads\\\/2021\\\/07\\\/2022-medailles-vieilles-vignes-bouteille-Chateau-Saint-Pierre-Mejans-DSC_0713-2.jpg\",\"contentUrl\":\"https:\\\/\\\/saintpierredemejans.com\\\/wp-content\\\/uploads\\\/2021\\\/07\\\/2022-medailles-vieilles-vignes-bouteille-Chateau-Saint-Pierre-Mejans-DSC_0713-2.jpg\",\"width\":850,\"height\":850},{\"@type\":\"BreadcrumbList\",\"@id\":\"https:\\\/\\\/saintpierredemejans.com\\\/boutique\\\/vin-rouge-vieilles-vignes\\\/#breadcrumb\",\"itemListElement\":[{\"@type\":\"ListItem\",\"position\":1,\"name\":\"Home\",\"item\":\"https:\\\/\\\/saintpierredemejans.com\\\/\"},{\"@type\":\"ListItem\",\"position\":2,\"name\":\"Boutique\",\"item\":\"https:\\\/\\\/saintpierredemejans.com\\\/boutique\\\/\"},{\"@type\":\"ListItem\",\"position\":3,\"name\":\"Vieilles Vignes (rouge)\"}]},{\"@type\":\"WebSite\",\"@id\":\"https:\\\/\\\/saintpierredemejans.com\\\/#website\",\"url\":\"https:\\\/\\\/saintpierredemejans.com\\\/\",\"name\":\"Ch\u00e2teau Saint-Pierre de Mejans | Vignoble\",\"description\":\"ch\u00e2teau vignoble\",\"publisher\":{\"@id\":\"https:\\\/\\\/saintpierredemejans.com\\\/#organization\"},\"potentialAction\":[{\"@type\":\"SearchAction\",\"target\":{\"@type\":\"EntryPoint\",\"urlTemplate\":\"https:\\\/\\\/saintpierredemejans.com\\\/?s={search_term_string}\"},\"query-input\":{\"@type\":\"PropertyValueSpecification\",\"valueRequired\":true,\"valueName\":\"search_term_string\"}}],\"inLanguage\":\"en-GB\"},{\"@type\":\"Organization\",\"@id\":\"https:\\\/\\\/saintpierredemejans.com\\\/#organization\",\"name\":\"Ch\u00e2teau Saint-Pierre de Mejans | Vignoble dans le Lub\u00e9ron\",\"url\":\"https:\\\/\\\/saintpierredemejans.com\\\/\",\"logo\":{\"@type\":\"ImageObject\",\"inLanguage\":\"en-GB\",\"@id\":\"https:\\\/\\\/saintpierredemejans.com\\\/#\\\/schema\\\/logo\\\/image\\\/\",\"url\":\"https:\\\/\\\/saintpierredemejans.com\\\/wp-content\\\/uploads\\\/2021\\\/08\\\/favicon-1.png\",\"contentUrl\":\"https:\\\/\\\/saintpierredemejans.com\\\/wp-content\\\/uploads\\\/2021\\\/08\\\/favicon-1.png\",\"width\":822,\"height\":822,\"caption\":\"Ch\u00e2teau Saint-Pierre de Mejans | Vignoble dans le Lub\u00e9ron\"},\"image\":{\"@id\":\"https:\\\/\\\/saintpierredemejans.com\\\/#\\\/schema\\\/logo\\\/image\\\/\"}}]}<\/script>\n<!-- \/ Yoast SEO plugin. -->","yoast_head_json":{"title":"Vieilles Vignes (red) | Ch\u00e2teau Saint-Pierre de Mejans | Vineyard","robots":{"index":"index","follow":"follow","max-snippet":"max-snippet:-1","max-image-preview":"max-image-preview:large","max-video-preview":"max-video-preview:-1"},"canonical":"https:\/\/saintpierredemejans.com\/en\/shop\/vieilles-vignes-red-wine\/","og_locale":"en_GB","og_type":"article","og_title":"Vieilles Vignes (rouge) | Ch\u00e2teau Saint-Pierre de Mejans | Vignoble","og_description":"Achat par caisse de 6 uniquement Sur ces terres tr\u00e8s filtrantes qui d\u00e9livrent de faibles rendements, le principe selon lequel on extrait plus finement dans les vignes qu\u2019\u00e0 la cave se v\u00e9rifie pleinement. Ce vin rouge, d\u2019une belle robe, est bien \u00e9quilibr\u00e9 entre les fruits rouges et les tannins soyeux. M\u00e9daille d&rsquo;or USA WINE RATING [&hellip;]","og_url":"https:\/\/saintpierredemejans.com\/en\/shop\/vieilles-vignes-red-wine\/","og_site_name":"Ch\u00e2teau Saint-Pierre de Mejans | Vignoble","article_modified_time":"2024-04-08T07:05:56+00:00","og_image":[{"width":850,"height":850,"url":"https:\/\/saintpierredemejans.com\/wp-content\/uploads\/2021\/07\/2022-medailles-vieilles-vignes-bouteille-Chateau-Saint-Pierre-Mejans-DSC_0713-2.jpg","type":"image\/jpeg"}],"twitter_card":"summary_large_image","twitter_misc":{"Estimated reading time":"1 minute"},"schema":{"@context":"https:\/\/schema.org","@graph":[{"@type":"WebPage","@id":"https:\/\/saintpierredemejans.com\/boutique\/vin-rouge-vieilles-vignes\/","url":"https:\/\/saintpierredemejans.com\/boutique\/vin-rouge-vieilles-vignes\/","name":"Vieilles Vignes (red) | Ch\u00e2teau Saint-Pierre de Mejans | Vineyard","isPartOf":{"@id":"https:\/\/saintpierredemejans.com\/#website"},"primaryImageOfPage":{"@id":"https:\/\/saintpierredemejans.com\/boutique\/vin-rouge-vieilles-vignes\/#primaryimage"},"image":{"@id":"https:\/\/saintpierredemejans.com\/boutique\/vin-rouge-vieilles-vignes\/#primaryimage"},"thumbnailUrl":"https:\/\/saintpierredemejans.com\/wp-content\/uploads\/2021\/07\/2022-medailles-vieilles-vignes-bouteille-Chateau-Saint-Pierre-Mejans-DSC_0713-2.jpg","datePublished":"2021-07-20T12:24:09+00:00","dateModified":"2024-04-08T07:05:56+00:00","breadcrumb":{"@id":"https:\/\/saintpierredemejans.com\/boutique\/vin-rouge-vieilles-vignes\/#breadcrumb"},"inLanguage":"en-GB","potentialAction":[{"@type":"ReadAction","target":["https:\/\/saintpierredemejans.com\/boutique\/vin-rouge-vieilles-vignes\/"]}]},{"@type":"ImageObject","inLanguage":"en-GB","@id":"https:\/\/saintpierredemejans.com\/boutique\/vin-rouge-vieilles-vignes\/#primaryimage","url":"https:\/\/saintpierredemejans.com\/wp-content\/uploads\/2021\/07\/2022-medailles-vieilles-vignes-bouteille-Chateau-Saint-Pierre-Mejans-DSC_0713-2.jpg","contentUrl":"https:\/\/saintpierredemejans.com\/wp-content\/uploads\/2021\/07\/2022-medailles-vieilles-vignes-bouteille-Chateau-Saint-Pierre-Mejans-DSC_0713-2.jpg","width":850,"height":850},{"@type":"BreadcrumbList","@id":"https:\/\/saintpierredemejans.com\/boutique\/vin-rouge-vieilles-vignes\/#breadcrumb","itemListElement":[{"@type":"ListItem","position":1,"name":"Home","item":"https:\/\/saintpierredemejans.com\/"},{"@type":"ListItem","position":2,"name":"Boutique","item":"https:\/\/saintpierredemejans.com\/boutique\/"},{"@type":"ListItem","position":3,"name":"Vieilles Vignes (rouge)"}]},{"@type":"WebSite","@id":"https:\/\/saintpierredemejans.com\/#website","url":"https:\/\/saintpierredemejans.com\/","name":"Ch\u00e2teau Saint-Pierre de Mejans | Vineyard","description":"chateau vineyard","publisher":{"@id":"https:\/\/saintpierredemejans.com\/#organization"},"potentialAction":[{"@type":"SearchAction","target":{"@type":"EntryPoint","urlTemplate":"https:\/\/saintpierredemejans.com\/?s={search_term_string}"},"query-input":{"@type":"PropertyValueSpecification","valueRequired":true,"valueName":"search_term_string"}}],"inLanguage":"en-GB"},{"@type":"Organization","@id":"https:\/\/saintpierredemejans.com\/#organization","name":"Ch\u00e2teau Saint-Pierre de Mejans | Vineyard in the Lub\u00e9ron","url":"https:\/\/saintpierredemejans.com\/","logo":{"@type":"ImageObject","inLanguage":"en-GB","@id":"https:\/\/saintpierredemejans.com\/#\/schema\/logo\/image\/","url":"https:\/\/saintpierredemejans.com\/wp-content\/uploads\/2021\/08\/favicon-1.png","contentUrl":"https:\/\/saintpierredemejans.com\/wp-content\/uploads\/2021\/08\/favicon-1.png","width":822,"height":822,"caption":"Ch\u00e2teau Saint-Pierre de Mejans | Vignoble dans le Lub\u00e9ron"},"image":{"@id":"https:\/\/saintpierredemejans.com\/#\/schema\/logo\/image\/"}}]}},"_links":{"self":[{"href":"https:\/\/saintpierredemejans.com\/en\/wp-json\/wp\/v2\/product\/971","targetHints":{"allow":["GET"]}}],"collection":[{"href":"https:\/\/saintpierredemejans.com\/en\/wp-json\/wp\/v2\/product"}],"about":[{"href":"https:\/\/saintpierredemejans.com\/en\/wp-json\/wp\/v2\/types\/product"}],"wp:featuredmedia":[{"embeddable":true,"href":"https:\/\/saintpierredemejans.com\/en\/wp-json\/wp\/v2\/media\/1911"}],"wp:attachment":[{"href":"https:\/\/saintpierredemejans.com\/en\/wp-json\/wp\/v2\/media?parent=971"}],"wp:term":[{"taxonomy":"product_brand","embeddable":true,"href":"https:\/\/saintpierredemejans.com\/en\/wp-json\/wp\/v2\/product_brand?post=971"},{"taxonomy":"product_cat","embeddable":true,"href":"https:\/\/saintpierredemejans.com\/en\/wp-json\/wp\/v2\/product_cat?post=971"},{"taxonomy":"product_tag","embeddable":true,"href":"https:\/\/saintpierredemejans.com\/en\/wp-json\/wp\/v2\/product_tag?post=971"}],"curies":[{"name":"wp","href":"https:\/\/api.w.org\/{rel}","templated":true}]}}